{"id":1282,"date":"2012-10-23T09:26:34","date_gmt":"2012-10-23T09:26:34","guid":{"rendered":"http:\/\/192.168.9.29\/Development\/TB\/?page_id=1282"},"modified":"2018-04-27T16:04:19","modified_gmt":"2018-04-27T14:04:19","slug":"portfolio-4","status":"publish","type":"page","link":"https:\/\/www.echografilm.com\/echographie-3d\/portfolio\/portfolio-4\/","title":{"rendered":"Gallery 4"},"content":{"rendered":"","protected":false},"excerpt":{"rendered":"","protected":false},"author":2,"featured_media":0,"parent":9,"menu_order":7,"comment_status":"closed","ping_status":"closed","template":"page-Portfolio4Cols-filterable.php","meta":{"footnotes":""},"class_list":["post-1282","page","type-page","status-publish","hentry"],"yoast_head":"<!-- This site is optimized with the Yoast SEO plugin v27.5 - https:\/\/yoast.com\/product\/yoast-seo-wordpress\/ -->\n<title>Gallery 4 - Echografilm : Echographie 3D 4D Paris<\/title>\n<meta name=\"robots\" content=\"index, follow, max-snippet:-1, max-image-preview:large, max-video-preview:-1\" \/>\n<link rel=\"canonical\" href=\"https:\/\/www.echografilm.com\/echographie-3d\/portfolio\/portfolio-4\/\" \/>\n<meta property=\"og:locale\" content=\"fr_FR\" \/>\n<meta property=\"og:type\" content=\"article\" \/>\n<meta property=\"og:title\" content=\"Gallery 4 - Echografilm : Echographie 3D 4D Paris\" \/>\n<meta property=\"og:url\" content=\"https:\/\/www.echografilm.com\/echographie-3d\/portfolio\/portfolio-4\/\" \/>\n<meta property=\"og:site_name\" content=\"Echografilm : Echographie 3D 4D Paris\" \/>\n<meta property=\"article:publisher\" content=\"https:\/\/www.facebook.com\/echographie3d\/\" \/>\n<meta property=\"article:modified_time\" content=\"2018-04-27T14:04:19+00:00\" \/>\n<meta name=\"twitter:card\" content=\"summary_large_image\" \/>\n<meta name=\"twitter:site\" content=\"@Echografilm\" \/>\n<script type=\"application\/ld+json\" class=\"yoast-schema-graph\">{\"@context\":\"https:\\\/\\\/schema.org\",\"@graph\":[{\"@type\":\"WebPage\",\"@id\":\"https:\\\/\\\/www.echografilm.com\\\/echographie-3d\\\/portfolio\\\/portfolio-4\\\/\",\"url\":\"https:\\\/\\\/www.echografilm.com\\\/echographie-3d\\\/portfolio\\\/portfolio-4\\\/\",\"name\":\"Gallery 4 - Echografilm : Echographie 3D 4D Paris\",\"isPartOf\":{\"@id\":\"https:\\\/\\\/www.echografilm.com\\\/echographie-3d\\\/#website\"},\"datePublished\":\"2012-10-23T09:26:34+00:00\",\"dateModified\":\"2018-04-27T14:04:19+00:00\",\"breadcrumb\":{\"@id\":\"https:\\\/\\\/www.echografilm.com\\\/echographie-3d\\\/portfolio\\\/portfolio-4\\\/#breadcrumb\"},\"inLanguage\":\"fr-FR\",\"potentialAction\":[{\"@type\":\"ReadAction\",\"target\":[\"https:\\\/\\\/www.echografilm.com\\\/echographie-3d\\\/portfolio\\\/portfolio-4\\\/\"]}]},{\"@type\":\"BreadcrumbList\",\"@id\":\"https:\\\/\\\/www.echografilm.com\\\/echographie-3d\\\/portfolio\\\/portfolio-4\\\/#breadcrumb\",\"itemListElement\":[{\"@type\":\"ListItem\",\"position\":1,\"name\":\"Accueil\",\"item\":\"https:\\\/\\\/www.echografilm.com\\\/echographie-3d\\\/\"},{\"@type\":\"ListItem\",\"position\":2,\"name\":\"Gallerie Echo 3D\",\"item\":\"https:\\\/\\\/www.echografilm.com\\\/echographie-3d\\\/portfolio\\\/\"},{\"@type\":\"ListItem\",\"position\":3,\"name\":\"Gallery 4\"}]},{\"@type\":\"WebSite\",\"@id\":\"https:\\\/\\\/www.echografilm.com\\\/echographie-3d\\\/#website\",\"url\":\"https:\\\/\\\/www.echografilm.com\\\/echographie-3d\\\/\",\"name\":\"Echografilm : Echographie 3D Paris\",\"description\":\"Fille ou Gar\u00e7on ? d\u00e8s 14SG Echographies 3D 4D 6D non m\u00e9dicales\",\"publisher\":{\"@id\":\"https:\\\/\\\/www.echografilm.com\\\/echographie-3d\\\/#organization\"},\"potentialAction\":[{\"@type\":\"SearchAction\",\"target\":{\"@type\":\"EntryPoint\",\"urlTemplate\":\"https:\\\/\\\/www.echografilm.com\\\/echographie-3d\\\/?s={search_term_string}\"},\"query-input\":{\"@type\":\"PropertyValueSpecification\",\"valueRequired\":true,\"valueName\":\"search_term_string\"}}],\"inLanguage\":\"fr-FR\"},{\"@type\":\"Organization\",\"@id\":\"https:\\\/\\\/www.echografilm.com\\\/echographie-3d\\\/#organization\",\"name\":\"Echografilm : Echographie 3D Paris\",\"url\":\"https:\\\/\\\/www.echografilm.com\\\/echographie-3d\\\/\",\"logo\":{\"@type\":\"ImageObject\",\"inLanguage\":\"fr-FR\",\"@id\":\"https:\\\/\\\/www.echografilm.com\\\/echographie-3d\\\/#\\\/schema\\\/logo\\\/image\\\/\",\"url\":\"https:\\\/\\\/www.echografilm.com\\\/echographie-3d\\\/wp-content\\\/uploads\\\/2014\\\/09\\\/logo.png\",\"contentUrl\":\"https:\\\/\\\/www.echografilm.com\\\/echographie-3d\\\/wp-content\\\/uploads\\\/2014\\\/09\\\/logo.png\",\"width\":249,\"height\":95,\"caption\":\"Echografilm : Echographie 3D Paris\"},\"image\":{\"@id\":\"https:\\\/\\\/www.echografilm.com\\\/echographie-3d\\\/#\\\/schema\\\/logo\\\/image\\\/\"},\"sameAs\":[\"https:\\\/\\\/www.facebook.com\\\/echographie3d\\\/\",\"https:\\\/\\\/x.com\\\/Echografilm\"]}]}<\/script>\n<!-- \/ Yoast SEO plugin. -->","yoast_head_json":{"title":"Gallery 4 - Echografilm : Echographie 3D 4D Paris","robots":{"index":"index","follow":"follow","max-snippet":"max-snippet:-1","max-image-preview":"max-image-preview:large","max-video-preview":"max-video-preview:-1"},"canonical":"https:\/\/www.echografilm.com\/echographie-3d\/portfolio\/portfolio-4\/","og_locale":"fr_FR","og_type":"article","og_title":"Gallery 4 - Echografilm : Echographie 3D 4D Paris","og_url":"https:\/\/www.echografilm.com\/echographie-3d\/portfolio\/portfolio-4\/","og_site_name":"Echografilm : Echographie 3D 4D Paris","article_publisher":"https:\/\/www.facebook.com\/echographie3d\/","article_modified_time":"2018-04-27T14:04:19+00:00","twitter_card":"summary_large_image","twitter_site":"@Echografilm","schema":{"@context":"https:\/\/schema.org","@graph":[{"@type":"WebPage","@id":"https:\/\/www.echografilm.com\/echographie-3d\/portfolio\/portfolio-4\/","url":"https:\/\/www.echografilm.com\/echographie-3d\/portfolio\/portfolio-4\/","name":"Gallery 4 - Echografilm : Echographie 3D 4D Paris","isPartOf":{"@id":"https:\/\/www.echografilm.com\/echographie-3d\/#website"},"datePublished":"2012-10-23T09:26:34+00:00","dateModified":"2018-04-27T14:04:19+00:00","breadcrumb":{"@id":"https:\/\/www.echografilm.com\/echographie-3d\/portfolio\/portfolio-4\/#breadcrumb"},"inLanguage":"fr-FR","potentialAction":[{"@type":"ReadAction","target":["https:\/\/www.echografilm.com\/echographie-3d\/portfolio\/portfolio-4\/"]}]},{"@type":"BreadcrumbList","@id":"https:\/\/www.echografilm.com\/echographie-3d\/portfolio\/portfolio-4\/#breadcrumb","itemListElement":[{"@type":"ListItem","position":1,"name":"Accueil","item":"https:\/\/www.echografilm.com\/echographie-3d\/"},{"@type":"ListItem","position":2,"name":"Gallerie Echo 3D","item":"https:\/\/www.echografilm.com\/echographie-3d\/portfolio\/"},{"@type":"ListItem","position":3,"name":"Gallery 4"}]},{"@type":"WebSite","@id":"https:\/\/www.echografilm.com\/echographie-3d\/#website","url":"https:\/\/www.echografilm.com\/echographie-3d\/","name":"Echografilm : Echographie 3D Paris","description":"Fille ou Gar\u00e7on ? d\u00e8s 14SG Echographies 3D 4D 6D non m\u00e9dicales","publisher":{"@id":"https:\/\/www.echografilm.com\/echographie-3d\/#organization"},"potentialAction":[{"@type":"SearchAction","target":{"@type":"EntryPoint","urlTemplate":"https:\/\/www.echografilm.com\/echographie-3d\/?s={search_term_string}"},"query-input":{"@type":"PropertyValueSpecification","valueRequired":true,"valueName":"search_term_string"}}],"inLanguage":"fr-FR"},{"@type":"Organization","@id":"https:\/\/www.echografilm.com\/echographie-3d\/#organization","name":"Echografilm : Echographie 3D Paris","url":"https:\/\/www.echografilm.com\/echographie-3d\/","logo":{"@type":"ImageObject","inLanguage":"fr-FR","@id":"https:\/\/www.echografilm.com\/echographie-3d\/#\/schema\/logo\/image\/","url":"https:\/\/www.echografilm.com\/echographie-3d\/wp-content\/uploads\/2014\/09\/logo.png","contentUrl":"https:\/\/www.echografilm.com\/echographie-3d\/wp-content\/uploads\/2014\/09\/logo.png","width":249,"height":95,"caption":"Echografilm : Echographie 3D Paris"},"image":{"@id":"https:\/\/www.echografilm.com\/echographie-3d\/#\/schema\/logo\/image\/"},"sameAs":["https:\/\/www.facebook.com\/echographie3d\/","https:\/\/x.com\/Echografilm"]}]}},"_links":{"self":[{"href":"https:\/\/www.echografilm.com\/echographie-3d\/wp-json\/wp\/v2\/pages\/1282","targetHints":{"allow":["GET"]}}],"collection":[{"href":"https:\/\/www.echografilm.com\/echographie-3d\/wp-json\/wp\/v2\/pages"}],"about":[{"href":"https:\/\/www.echografilm.com\/echographie-3d\/wp-json\/wp\/v2\/types\/page"}],"author":[{"embeddable":true,"href":"https:\/\/www.echografilm.com\/echographie-3d\/wp-json\/wp\/v2\/users\/2"}],"replies":[{"embeddable":true,"href":"https:\/\/www.echografilm.com\/echographie-3d\/wp-json\/wp\/v2\/comments?post=1282"}],"version-history":[{"count":1,"href":"https:\/\/www.echografilm.com\/echographie-3d\/wp-json\/wp\/v2\/pages\/1282\/revisions"}],"predecessor-version":[{"id":3671,"href":"https:\/\/www.echografilm.com\/echographie-3d\/wp-json\/wp\/v2\/pages\/1282\/revisions\/3671"}],"up":[{"embeddable":true,"href":"https:\/\/www.echografilm.com\/echographie-3d\/wp-json\/wp\/v2\/pages\/9"}],"wp:attachment":[{"href":"https:\/\/www.echografilm.com\/echographie-3d\/wp-json\/wp\/v2\/media?parent=1282"}],"curies":[{"name":"wp","href":"https:\/\/api.w.org\/{rel}","templated":true}]}}