{"id":14,"date":"2011-07-14T19:47:05","date_gmt":"2011-07-14T19:47:05","guid":{"rendered":"http:\/\/192.168.9.29\/Development\/TB\/?page_id=14"},"modified":"2021-04-15T15:04:53","modified_gmt":"2021-04-15T14:04:53","slug":"contact-echografilm-paris","status":"publish","type":"page","link":"https:\/\/www.echografilm.com\/echographie-3d\/contact-echografilm-paris\/","title":{"rendered":"Echografilm Paris"},"content":{"rendered":"<h2 style=\"text-align: center;\">Echografilm Elys\u00e9es Paris Ile de France<\/h2>\n<p><strong>Nous situer \u00e0 Paris:<\/strong><\/p>\n<address> <strong>Echografilm Paris<br \/>78 avenue des Champs-Elys\u00e9es,<\/strong><br \/><strong>75008\u00a0PARIS<\/strong><br \/>T\u00e9l\u00e9phone: 01 77 75 52 50<br \/>T\u00e9l\u00e9phone Intl: +33 1 77 75 52 50<br \/>E-mail: <a href=\"mailto:mail@echografilm.com\" rel=\"nofollow\">mail@echografilm.com<\/a><br \/><\/address><!-- address (end) -->\n<p>Compl\u00e8ment d'adresse: <em>(Escalier A \u00e9tage 1 Porte 132)<\/em><\/p>\n<p><span style=\"text-decoration: underline;\"><strong>Par le RER:<\/strong><\/span><\/p>\n<p><a href=\"\/\/www.echografilm.com\/echographie-3d\/wp-content\/uploads\/2011\/07\/Rer_a_logo.png\" rel=\"nofollow\"><img loading=\"lazy\" decoding=\"async\" class=\"alignnone wp-image-2287\" src=\"\/\/www.echografilm.com\/echographie-3d\/wp-content\/uploads\/2011\/07\/Rer_a_logo-300x150.png\" alt=\"Rer_a_logo\" width=\"70\" height=\"35\" srcset=\"https:\/\/www.echografilm.com\/echographie-3d\/wp-content\/uploads\/2011\/07\/Rer_a_logo-300x150.png 300w, https:\/\/www.echografilm.com\/echographie-3d\/wp-content\/uploads\/2011\/07\/Rer_a_logo-100x50.png 100w, https:\/\/www.echografilm.com\/echographie-3d\/wp-content\/uploads\/2011\/07\/Rer_a_logo.png 330w\" sizes=\"auto, (max-width: 70px) 100vw, 70px\" \/><\/a>\u00a0\u00a0<strong>Charles de Gaulle - Etoile<\/strong><\/p>\n<p><span style=\"text-decoration: underline;\"><strong>Par le m\u00e9tro:<\/strong><\/span><\/p>\n<p><strong><a href=\"\/\/www.echografilm.com\/echographie-3d\/wp-content\/uploads\/2011\/07\/ligne-1-metro.gif\" rel=\"nofollow\"><img loading=\"lazy\" decoding=\"async\" class=\"alignnone wp-image-2289\" src=\"\/\/www.echografilm.com\/echographie-3d\/wp-content\/uploads\/2011\/07\/ligne-1-metro.gif\" alt=\"ligne-1-metro\" width=\"84\" height=\"46\" \/><\/a>Georges V \u00a0 \u00a0<\/strong><img loading=\"lazy\" decoding=\"async\" class=\"alignnone wp-image-2288\" src=\"\/\/www.echografilm.com\/echographie-3d\/wp-content\/uploads\/2011\/07\/ligne-9-metro.gif\" alt=\"ligne-9-metro\" width=\"85\" height=\"43\" srcset=\"https:\/\/www.echografilm.com\/echographie-3d\/wp-content\/uploads\/2011\/07\/ligne-9-metro.gif 105w, https:\/\/www.echografilm.com\/echographie-3d\/wp-content\/uploads\/2011\/07\/ligne-9-metro-100x50.gif 100w\" sizes=\"auto, (max-width: 85px) 100vw, 85px\" \/><strong>Franklin D. Roosevelt<\/strong><\/p>\n<h2>Formulaire de contact:<\/h2>\n\n\n<div class=\"wp-block-contact-form-7-contact-form-selector\">\n<div class=\"wpcf7 no-js\" id=\"wpcf7-f208-o1\" lang=\"en-US\" dir=\"ltr\" data-wpcf7-id=\"208\">\n<div class=\"screen-reader-response\"><p role=\"status\" aria-live=\"polite\" aria-atomic=\"true\"><\/p> <ul><\/ul><\/div>\n<form action=\"\/echographie-3d\/wp-json\/wp\/v2\/pages\/14#wpcf7-f208-o1\" method=\"post\" class=\"wpcf7-form init\" aria-label=\"Contact form\" novalidate=\"novalidate\" data-status=\"init\">\n<fieldset class=\"hidden-fields-container\"><input type=\"hidden\" name=\"_wpcf7\" value=\"208\" \/><input type=\"hidden\" name=\"_wpcf7_version\" value=\"6.1.5\" \/><input type=\"hidden\" name=\"_wpcf7_locale\" value=\"en_US\" \/><input type=\"hidden\" name=\"_wpcf7_unit_tag\" value=\"wpcf7-f208-o1\" \/><input type=\"hidden\" name=\"_wpcf7_container_post\" value=\"0\" \/><input type=\"hidden\" name=\"_wpcf7_posted_data_hash\" value=\"\" \/><input type=\"hidden\" name=\"_wpcf7_recaptcha_response\" value=\"\" \/>\n<\/fieldset>\n<div class=\"row-fluid\">\n\t<p class=\"span4 field\">Nom:<span class=\"wpcf7-form-control-wrap\" data-name=\"Nom\"><input size=\"40\" maxlength=\"400\" class=\"wpcf7-form-control wpcf7-text wpcf7-validates-as-required\" aria-required=\"true\" aria-invalid=\"false\" value=\"\" type=\"text\" name=\"Nom\" \/><\/span>\n\t<\/p>\n\t<p class=\"span4 field\">Pr\u00e9nom<span class=\"wpcf7-form-control-wrap\" data-name=\"Prenom\"><input size=\"40\" maxlength=\"400\" class=\"wpcf7-form-control wpcf7-text wpcf7-validates-as-required\" aria-required=\"true\" aria-invalid=\"false\" value=\"\" type=\"text\" name=\"Prenom\" \/><\/span>\n\t<\/p>\n\t<p class=\"span4 field\">Votre email:<span class=\"wpcf7-form-control-wrap\" data-name=\"email-693\"><input size=\"40\" maxlength=\"400\" class=\"wpcf7-form-control wpcf7-email wpcf7-validates-as-required wpcf7-text wpcf7-validates-as-email\" aria-required=\"true\" aria-invalid=\"false\" value=\"\" type=\"email\" name=\"email-693\" \/><\/span>\n\t<\/p>\n\t<p class=\"span4 field\">Votre num\u00e9ro de mobile \u00e0 10 chiffres<span class=\"wpcf7-form-control-wrap\" data-name=\"tel-310\"><input size=\"10\" maxlength=\"10\" class=\"wpcf7-form-control wpcf7-tel wpcf7-validates-as-required wpcf7-text wpcf7-validates-as-tel\" aria-required=\"true\" aria-invalid=\"false\" value=\"\" type=\"tel\" name=\"tel-310\" \/><\/span>\n\t<\/p>\n\t<p class=\"span4 field\">Date pr\u00e9vue d'accouchement<span class=\"wpcf7-form-control-wrap\" data-name=\"date-890\"><input class=\"wpcf7-form-control wpcf7-date wpcf7-validates-as-date\" aria-invalid=\"false\" value=\"\" type=\"date\" name=\"date-890\" \/><\/span>\n\t<\/p>\n<\/div>\n<p class=\"field\">Ecrivez votre message ici<span class=\"wpcf7-form-control-wrap\" data-name=\"textarea-37\"><textarea cols=\"40\" rows=\"10\" maxlength=\"2000\" class=\"wpcf7-form-control wpcf7-textarea wpcf7-validates-as-required\" aria-required=\"true\" aria-invalid=\"false\" name=\"textarea-37\"><\/textarea><\/span>\n<\/p>\n<p class=\"field\">Copiez les 4 caract\u00e8res suivants: <input type=\"hidden\" name=\"_wpcf7_captcha_challenge_captcha-778\" value=\"3963143136\" \/><img loading=\"lazy\" decoding=\"async\" class=\"wpcf7-form-control wpcf7-captchac wpcf7-captcha-captcha-778\" width=\"72\" height=\"24\" alt=\"captcha\" src=\"https:\/\/www.echografilm.com\/echographie-3d\/wp-content\/uploads\/wpcf7_captcha\/3963143136.png\" \/> dans le champ ci-dessous<span class=\"wpcf7-form-control-wrap\" data-name=\"captcha-778\"><input size=\"4\" maxlength=\"4\" class=\"wpcf7-form-control wpcf7-captchar\" autocomplete=\"off\" aria-invalid=\"false\" value=\"\" type=\"text\" name=\"captcha-778\" \/><\/span>\n<\/p>\n<p class=\"submit-wrap\"><input type=\"reset\" value=\"effacer\" class=\"btn btn-primary\" \/><input class=\"wpcf7-form-control wpcf7-submit has-spinner btn btn-primary\" type=\"submit\" value=\"Envoyer\" \/>\n<\/p><p style=\"display: none !important;\" class=\"akismet-fields-container\" data-prefix=\"_wpcf7_ak_\"><label>&#916;<textarea name=\"_wpcf7_ak_hp_textarea\" cols=\"45\" rows=\"8\" maxlength=\"100\"><\/textarea><\/label><input type=\"hidden\" id=\"ak_js_1\" name=\"_wpcf7_ak_js\" value=\"143\"\/><script type=\"text\/javascript\">\n\/* <![CDATA[ *\/\ndocument.getElementById( \"ak_js_1\" ).setAttribute( \"value\", ( new Date() ).getTime() );\n\/* ]]> *\/\n<\/script>\n<\/p><div class=\"wpcf7-response-output\" aria-hidden=\"true\"><\/div>\n<\/form>\n<\/div>\n<\/div>\n","protected":false},"excerpt":{"rendered":"Echografilm Elys\u00e9es Paris Ile de France Nous situer \u00e0 Paris: Compl\u00e8ment d'adresse: (Escalier A \u00e9tage 1 Porte 132) Par le RER: \u00a0\u00a0Charles de Gaulle - Etoile Par le m\u00e9tro: Georges V \u00a0 \u00a0Franklin D. Roosevelt Formulaire de contact:","protected":false},"author":2,"featured_media":0,"parent":0,"menu_order":6,"comment_status":"closed","ping_status":"closed","template":"page-fullwidth.php","meta":{"footnotes":""},"class_list":["post-14","page","type-page","status-publish","hentry"],"yoast_head":"<!-- This site is optimized with the Yoast SEO plugin v27.5 - https:\/\/yoast.com\/product\/yoast-seo-wordpress\/ -->\n<title>Echografilm Paris - Echografilm : Echographie 3D 4D Paris<\/title>\n<meta name=\"robots\" content=\"index, follow, max-snippet:-1, max-image-preview:large, max-video-preview:-1\" \/>\n<link rel=\"canonical\" href=\"https:\/\/www.echografilm.com\/echographie-3d\/contact-echografilm-paris\/\" \/>\n<meta property=\"og:locale\" content=\"fr_FR\" \/>\n<meta property=\"og:type\" content=\"article\" \/>\n<meta property=\"og:title\" content=\"Echografilm Paris - Echografilm : Echographie 3D 4D Paris\" \/>\n<meta property=\"og:description\" content=\"Echografilm Elys\u00e9es Paris Ile de France Nous situer \u00e0 Paris: Compl\u00e8ment d&#039;adresse: (Escalier A \u00e9tage 1 Porte 132) Par le RER: \u00a0\u00a0Charles de Gaulle - Etoile Par le m\u00e9tro: Georges V \u00a0 \u00a0Franklin D. Roosevelt Formulaire de contact:\" \/>\n<meta property=\"og:url\" content=\"https:\/\/www.echografilm.com\/echographie-3d\/contact-echografilm-paris\/\" \/>\n<meta property=\"og:site_name\" content=\"Echografilm : Echographie 3D 4D Paris\" \/>\n<meta property=\"article:publisher\" content=\"https:\/\/www.facebook.com\/echographie3d\/\" \/>\n<meta property=\"article:modified_time\" content=\"2021-04-15T14:04:53+00:00\" \/>\n<meta name=\"twitter:card\" content=\"summary_large_image\" \/>\n<meta name=\"twitter:site\" content=\"@Echografilm\" \/>\n<script type=\"application\/ld+json\" class=\"yoast-schema-graph\">{\"@context\":\"https:\\\/\\\/schema.org\",\"@graph\":[{\"@type\":\"WebPage\",\"@id\":\"https:\\\/\\\/www.echografilm.com\\\/echographie-3d\\\/contact-echografilm-paris\\\/\",\"url\":\"https:\\\/\\\/www.echografilm.com\\\/echographie-3d\\\/contact-echografilm-paris\\\/\",\"name\":\"Echografilm Paris - Echografilm : Echographie 3D 4D Paris\",\"isPartOf\":{\"@id\":\"https:\\\/\\\/www.echografilm.com\\\/echographie-3d\\\/#website\"},\"datePublished\":\"2011-07-14T19:47:05+00:00\",\"dateModified\":\"2021-04-15T14:04:53+00:00\",\"breadcrumb\":{\"@id\":\"https:\\\/\\\/www.echografilm.com\\\/echographie-3d\\\/contact-echografilm-paris\\\/#breadcrumb\"},\"inLanguage\":\"fr-FR\",\"potentialAction\":[{\"@type\":\"ReadAction\",\"target\":[\"https:\\\/\\\/www.echografilm.com\\\/echographie-3d\\\/contact-echografilm-paris\\\/\"]}]},{\"@type\":\"BreadcrumbList\",\"@id\":\"https:\\\/\\\/www.echografilm.com\\\/echographie-3d\\\/contact-echografilm-paris\\\/#breadcrumb\",\"itemListElement\":[{\"@type\":\"ListItem\",\"position\":1,\"name\":\"Accueil\",\"item\":\"https:\\\/\\\/www.echografilm.com\\\/echographie-3d\\\/\"},{\"@type\":\"ListItem\",\"position\":2,\"name\":\"Echografilm Paris\"}]},{\"@type\":\"WebSite\",\"@id\":\"https:\\\/\\\/www.echografilm.com\\\/echographie-3d\\\/#website\",\"url\":\"https:\\\/\\\/www.echografilm.com\\\/echographie-3d\\\/\",\"name\":\"Echografilm : Echographie 3D Paris\",\"description\":\"Fille ou Gar\u00e7on ? d\u00e8s 14SG Echographies 3D 4D 6D non m\u00e9dicales\",\"publisher\":{\"@id\":\"https:\\\/\\\/www.echografilm.com\\\/echographie-3d\\\/#organization\"},\"potentialAction\":[{\"@type\":\"SearchAction\",\"target\":{\"@type\":\"EntryPoint\",\"urlTemplate\":\"https:\\\/\\\/www.echografilm.com\\\/echographie-3d\\\/?s={search_term_string}\"},\"query-input\":{\"@type\":\"PropertyValueSpecification\",\"valueRequired\":true,\"valueName\":\"search_term_string\"}}],\"inLanguage\":\"fr-FR\"},{\"@type\":\"Organization\",\"@id\":\"https:\\\/\\\/www.echografilm.com\\\/echographie-3d\\\/#organization\",\"name\":\"Echografilm : Echographie 3D Paris\",\"url\":\"https:\\\/\\\/www.echografilm.com\\\/echographie-3d\\\/\",\"logo\":{\"@type\":\"ImageObject\",\"inLanguage\":\"fr-FR\",\"@id\":\"https:\\\/\\\/www.echografilm.com\\\/echographie-3d\\\/#\\\/schema\\\/logo\\\/image\\\/\",\"url\":\"https:\\\/\\\/www.echografilm.com\\\/echographie-3d\\\/wp-content\\\/uploads\\\/2014\\\/09\\\/logo.png\",\"contentUrl\":\"https:\\\/\\\/www.echografilm.com\\\/echographie-3d\\\/wp-content\\\/uploads\\\/2014\\\/09\\\/logo.png\",\"width\":249,\"height\":95,\"caption\":\"Echografilm : Echographie 3D Paris\"},\"image\":{\"@id\":\"https:\\\/\\\/www.echografilm.com\\\/echographie-3d\\\/#\\\/schema\\\/logo\\\/image\\\/\"},\"sameAs\":[\"https:\\\/\\\/www.facebook.com\\\/echographie3d\\\/\",\"https:\\\/\\\/x.com\\\/Echografilm\"]}]}<\/script>\n<!-- \/ Yoast SEO plugin. -->","yoast_head_json":{"title":"Echografilm Paris - Echografilm : Echographie 3D 4D Paris","robots":{"index":"index","follow":"follow","max-snippet":"max-snippet:-1","max-image-preview":"max-image-preview:large","max-video-preview":"max-video-preview:-1"},"canonical":"https:\/\/www.echografilm.com\/echographie-3d\/contact-echografilm-paris\/","og_locale":"fr_FR","og_type":"article","og_title":"Echografilm Paris - Echografilm : Echographie 3D 4D Paris","og_description":"Echografilm Elys\u00e9es Paris Ile de France Nous situer \u00e0 Paris: Compl\u00e8ment d'adresse: (Escalier A \u00e9tage 1 Porte 132) Par le RER: \u00a0\u00a0Charles de Gaulle - Etoile Par le m\u00e9tro: Georges V \u00a0 \u00a0Franklin D. Roosevelt Formulaire de contact:","og_url":"https:\/\/www.echografilm.com\/echographie-3d\/contact-echografilm-paris\/","og_site_name":"Echografilm : Echographie 3D 4D Paris","article_publisher":"https:\/\/www.facebook.com\/echographie3d\/","article_modified_time":"2021-04-15T14:04:53+00:00","twitter_card":"summary_large_image","twitter_site":"@Echografilm","schema":{"@context":"https:\/\/schema.org","@graph":[{"@type":"WebPage","@id":"https:\/\/www.echografilm.com\/echographie-3d\/contact-echografilm-paris\/","url":"https:\/\/www.echografilm.com\/echographie-3d\/contact-echografilm-paris\/","name":"Echografilm Paris - Echografilm : Echographie 3D 4D Paris","isPartOf":{"@id":"https:\/\/www.echografilm.com\/echographie-3d\/#website"},"datePublished":"2011-07-14T19:47:05+00:00","dateModified":"2021-04-15T14:04:53+00:00","breadcrumb":{"@id":"https:\/\/www.echografilm.com\/echographie-3d\/contact-echografilm-paris\/#breadcrumb"},"inLanguage":"fr-FR","potentialAction":[{"@type":"ReadAction","target":["https:\/\/www.echografilm.com\/echographie-3d\/contact-echografilm-paris\/"]}]},{"@type":"BreadcrumbList","@id":"https:\/\/www.echografilm.com\/echographie-3d\/contact-echografilm-paris\/#breadcrumb","itemListElement":[{"@type":"ListItem","position":1,"name":"Accueil","item":"https:\/\/www.echografilm.com\/echographie-3d\/"},{"@type":"ListItem","position":2,"name":"Echografilm Paris"}]},{"@type":"WebSite","@id":"https:\/\/www.echografilm.com\/echographie-3d\/#website","url":"https:\/\/www.echografilm.com\/echographie-3d\/","name":"Echografilm : Echographie 3D Paris","description":"Fille ou Gar\u00e7on ? d\u00e8s 14SG Echographies 3D 4D 6D non m\u00e9dicales","publisher":{"@id":"https:\/\/www.echografilm.com\/echographie-3d\/#organization"},"potentialAction":[{"@type":"SearchAction","target":{"@type":"EntryPoint","urlTemplate":"https:\/\/www.echografilm.com\/echographie-3d\/?s={search_term_string}"},"query-input":{"@type":"PropertyValueSpecification","valueRequired":true,"valueName":"search_term_string"}}],"inLanguage":"fr-FR"},{"@type":"Organization","@id":"https:\/\/www.echografilm.com\/echographie-3d\/#organization","name":"Echografilm : Echographie 3D Paris","url":"https:\/\/www.echografilm.com\/echographie-3d\/","logo":{"@type":"ImageObject","inLanguage":"fr-FR","@id":"https:\/\/www.echografilm.com\/echographie-3d\/#\/schema\/logo\/image\/","url":"https:\/\/www.echografilm.com\/echographie-3d\/wp-content\/uploads\/2014\/09\/logo.png","contentUrl":"https:\/\/www.echografilm.com\/echographie-3d\/wp-content\/uploads\/2014\/09\/logo.png","width":249,"height":95,"caption":"Echografilm : Echographie 3D Paris"},"image":{"@id":"https:\/\/www.echografilm.com\/echographie-3d\/#\/schema\/logo\/image\/"},"sameAs":["https:\/\/www.facebook.com\/echographie3d\/","https:\/\/x.com\/Echografilm"]}]}},"_links":{"self":[{"href":"https:\/\/www.echografilm.com\/echographie-3d\/wp-json\/wp\/v2\/pages\/14","targetHints":{"allow":["GET"]}}],"collection":[{"href":"https:\/\/www.echografilm.com\/echographie-3d\/wp-json\/wp\/v2\/pages"}],"about":[{"href":"https:\/\/www.echografilm.com\/echographie-3d\/wp-json\/wp\/v2\/types\/page"}],"author":[{"embeddable":true,"href":"https:\/\/www.echografilm.com\/echographie-3d\/wp-json\/wp\/v2\/users\/2"}],"replies":[{"embeddable":true,"href":"https:\/\/www.echografilm.com\/echographie-3d\/wp-json\/wp\/v2\/comments?post=14"}],"version-history":[{"count":29,"href":"https:\/\/www.echografilm.com\/echographie-3d\/wp-json\/wp\/v2\/pages\/14\/revisions"}],"predecessor-version":[{"id":3838,"href":"https:\/\/www.echografilm.com\/echographie-3d\/wp-json\/wp\/v2\/pages\/14\/revisions\/3838"}],"wp:attachment":[{"href":"https:\/\/www.echografilm.com\/echographie-3d\/wp-json\/wp\/v2\/media?parent=14"}],"curies":[{"name":"wp","href":"https:\/\/api.w.org\/{rel}","templated":true}]}}