{"id":169,"date":"2011-08-30T11:28:22","date_gmt":"2011-08-30T11:28:22","guid":{"rendered":"http:\/\/192.168.9.29\/Development\/TB\/?page_id=169"},"modified":"2018-05-25T09:37:51","modified_gmt":"2018-05-25T07:37:51","slug":"mentions-legales","status":"publish","type":"page","link":"https:\/\/www.echografilm.com\/echographie-3d\/mentions-legales\/","title":{"rendered":"Mentions L\u00e9gales"},"content":{"rendered":"<div class=\"row \">\n<div class=\"span12 \"><p>Ce Site est \u00e9dit\u00e9 par la soci\u00e9t\u00e9 ECHOGRAFILM, SARL au capital de 8000 euros. RCS PARIS 484 353 404<br \/>\nT\u00e9l\u00e9phone : 01 77 75 52 50 (Si\u00e8ge de ECHOGRAFILM).<\/p>\n<p>Nous avons choisi pour son h\u00e9bergement la soci\u00e9t\u00e9 OVH, soci\u00e9t\u00e9 anonyme dont le si\u00e8ge social est sis 2 rue Kellermann - 59100 Roubaix - France, immatricul\u00e9e au Registre du Commerce et des Soci\u00e9t\u00e9s RCS Lille M\u00e9tropole 424 761 419 00045.<\/p>\n<p>Directeur de la publication: Eric Bouchez.<br \/>\nResponsable de la r\u00e9daction : Eric Bouchez.<\/p>\n<p>Le site Internet sur lequel vous venez de vous connecter a \u00e9t\u00e9 \u00e9labor\u00e9 au profit de tous les internautes d\u00e9sireux de :<br \/>\n\u2022 mieux conna\u00eetre l'enseigne Echografilm, ses magasins, ses activit\u00e9s, ses produits, ses promos et ses services,<br \/>\n\u2022 d\u00e9couvrir ses sites, notamment ceux d'e-commerce et d'acheter des produits et services en ligne,<br \/>\n\u2022 avoir acc\u00e8s \u00e0 nos services pratiques de proximit\u00e9.<\/p>\n<p>La pr\u00e9sente charte et les principes qui en d\u00e9coulent peuvent \u00eatre modifi\u00e9s par ECHOGRAFILM \u00e0 n'importe quel moment. ECHOGRAFILM vous invite donc \u00e0 consulter r\u00e9guli\u00e8rement cette page de notre site sauf si vous \u00e9tiez enregistr\u00e9s auquel cas vous en seriez avis\u00e9s et votre acceptation en connaissance de cause demand\u00e9e.<\/p>\n<p>ECHOGRAFILM s'engage \u00e0 \u00eatre transparent avec tous sur sa politique en mati\u00e8re de respect de la vie priv\u00e9e.<\/p>\n<p>Le respect de votre vie priv\u00e9e<\/p>\n<p>Nous vous invitons \u00e0 vous rendre sur la page\u00a0politique-de-confidentialite-et-d'utilisation-des-cookies-rgpd dont le lien figure en bas de chaque page du site.<\/p>\n<p>Acc\u00e8s au site<br \/>\nNous ne saurions vous garantir que le fonctionnement du site sera ininterrompu et exempt de toute erreur.<br \/>\nNous ne sommes tenu que d'une obligation de moyen en ce qui concerne le fonctionnement et la continuit\u00e9 du service. Nous ne saurions \u00eatre responsables de tous pr\u00e9judices r\u00e9sultant de l'utilisation de notre site, et ce quelle qu'en soit la cause ; notamment nous ne saurions \u00eatre responsables de l'alt\u00e9ration ou de l'acc\u00e8s frauduleux \u00e0 des donn\u00e9es et\/ou de la transmission accidentelle par le biais du service de virus. De m\u00eame notre responsabilit\u00e9 ne saurait \u00eatre engag\u00e9e pour des faits dus \u00e0 un cas de force majeure, les pannes et les probl\u00e8mes d'ordre technique concernant le mat\u00e9riel, les programmes et logiciels ou le r\u00e9seau Internet pouvant le cas \u00e9ch\u00e9ant entra\u00eener la suspension ou la cessation du service.<\/p>\n<p>Liens Externes<br \/>\nNotre site peut contenir des liens hypertextes allant vers d'autres Sites. Nous ne prenons aucun engagement concernant tout autre site auquel vous pourriez avoir acc\u00e8s via notre site et nous ne serions en aucune fa\u00e7on \u00eatre responsables du contenu, fonctionnement et de l'acc\u00e8s \u00e0 ces sites.<\/p>\n<p>Propri\u00e9t\u00e9 Intellectuelle<br \/>\nEn vous connectant sur le site Internet \u00e9dit\u00e9 par le site portail Echografilm, qui est titulaire de l'ensemble des droits de propri\u00e9t\u00e9 intellectuelle s'y rapportant, vous vous interdisez de copier ou t\u00e9l\u00e9charger tout ou partie de son contenu, sauf autorisation pr\u00e9alable et expr\u00e8s de notre part.<\/p>\n<p>Droit Applicable<br \/>\nLe pr\u00e9sent site est soumis au droit fran\u00e7ais.<\/p>\n<p>Comment nous contacter si vous avez des questions sur cette charte ?<br \/>\nCette charte ayant pour objet de prot\u00e9ger votre vie priv\u00e9e, nous vous remercions de nous faire part de vos souhaits et de vos commentaires.<br \/>\nS'il vous semblait que vos donn\u00e9es n'\u00e9taient pas trait\u00e9es selon vos souhaits lors de votre passage sur le site de Echografilm. Nous vous r\u00e9pondrons dans les meilleurs d\u00e9lais.<br \/>\n- Si dans l'avenir vous ne souhaitez pas \u00eatre contact\u00e9 suite \u00e0 une visite sur le site Echografilm, \u00e9crivez nous \u00e0 mail@echografilm.com<br \/>\n- Si vous souhaitez v\u00e9rifier, corriger ou mettre \u00e0 jour une Information Nominative que vous nous auriez communiqu\u00e9e, vous pouvez utiliser le formulaire \"Contactez-nous\" ou nous \u00e9crire \u00e0 mail@echografilm.com<br \/>\n- See more at: http:\/\/www.echografilm.fr\/mentions-legales<\/p>\n<p>E-mail:<a href=\"mailto:mail@echografilm.com\" rel=\"nofollow\">mail@echografilm.com<\/a><\/p><\/div>\n<\/div><!-- .row (end) -->\n","protected":false},"excerpt":{"rendered":"","protected":false},"author":2,"featured_media":0,"parent":0,"menu_order":10,"comment_status":"closed","ping_status":"closed","template":"page-fullwidth.php","meta":{"footnotes":""},"class_list":["post-169","page","type-page","status-publish","hentry"],"yoast_head":"<!-- This site is optimized with the Yoast SEO plugin v27.5 - https:\/\/yoast.com\/product\/yoast-seo-wordpress\/ -->\n<title>Mentions L\u00e9gales - Echografilm : Echographie 3D 4D Paris<\/title>\n<meta name=\"robots\" content=\"index, follow, max-snippet:-1, max-image-preview:large, max-video-preview:-1\" \/>\n<link rel=\"canonical\" href=\"https:\/\/www.echografilm.com\/echographie-3d\/mentions-legales\/\" \/>\n<meta property=\"og:locale\" content=\"fr_FR\" \/>\n<meta property=\"og:type\" content=\"article\" \/>\n<meta property=\"og:title\" content=\"Mentions L\u00e9gales - Echografilm : Echographie 3D 4D Paris\" \/>\n<meta property=\"og:url\" content=\"https:\/\/www.echografilm.com\/echographie-3d\/mentions-legales\/\" \/>\n<meta property=\"og:site_name\" content=\"Echografilm : Echographie 3D 4D Paris\" \/>\n<meta property=\"article:publisher\" content=\"https:\/\/www.facebook.com\/echographie3d\/\" \/>\n<meta property=\"article:modified_time\" content=\"2018-05-25T07:37:51+00:00\" \/>\n<meta name=\"twitter:card\" content=\"summary_large_image\" \/>\n<meta name=\"twitter:site\" content=\"@Echografilm\" \/>\n<meta name=\"twitter:label1\" content=\"Dur\u00e9e de lecture estim\u00e9e\" \/>\n\t<meta name=\"twitter:data1\" content=\"3 minutes\" \/>\n<script type=\"application\/ld+json\" class=\"yoast-schema-graph\">{\"@context\":\"https:\\\/\\\/schema.org\",\"@graph\":[{\"@type\":\"WebPage\",\"@id\":\"https:\\\/\\\/www.echografilm.com\\\/echographie-3d\\\/mentions-legales\\\/\",\"url\":\"https:\\\/\\\/www.echografilm.com\\\/echographie-3d\\\/mentions-legales\\\/\",\"name\":\"Mentions L\u00e9gales - Echografilm : Echographie 3D 4D Paris\",\"isPartOf\":{\"@id\":\"https:\\\/\\\/www.echografilm.com\\\/echographie-3d\\\/#website\"},\"datePublished\":\"2011-08-30T11:28:22+00:00\",\"dateModified\":\"2018-05-25T07:37:51+00:00\",\"breadcrumb\":{\"@id\":\"https:\\\/\\\/www.echografilm.com\\\/echographie-3d\\\/mentions-legales\\\/#breadcrumb\"},\"inLanguage\":\"fr-FR\",\"potentialAction\":[{\"@type\":\"ReadAction\",\"target\":[\"https:\\\/\\\/www.echografilm.com\\\/echographie-3d\\\/mentions-legales\\\/\"]}]},{\"@type\":\"BreadcrumbList\",\"@id\":\"https:\\\/\\\/www.echografilm.com\\\/echographie-3d\\\/mentions-legales\\\/#breadcrumb\",\"itemListElement\":[{\"@type\":\"ListItem\",\"position\":1,\"name\":\"Accueil\",\"item\":\"https:\\\/\\\/www.echografilm.com\\\/echographie-3d\\\/\"},{\"@type\":\"ListItem\",\"position\":2,\"name\":\"Mentions L\u00e9gales\"}]},{\"@type\":\"WebSite\",\"@id\":\"https:\\\/\\\/www.echografilm.com\\\/echographie-3d\\\/#website\",\"url\":\"https:\\\/\\\/www.echografilm.com\\\/echographie-3d\\\/\",\"name\":\"Echografilm : Echographie 3D Paris\",\"description\":\"Fille ou Gar\u00e7on ? d\u00e8s 14SG Echographies 3D 4D 6D non m\u00e9dicales\",\"publisher\":{\"@id\":\"https:\\\/\\\/www.echografilm.com\\\/echographie-3d\\\/#organization\"},\"potentialAction\":[{\"@type\":\"SearchAction\",\"target\":{\"@type\":\"EntryPoint\",\"urlTemplate\":\"https:\\\/\\\/www.echografilm.com\\\/echographie-3d\\\/?s={search_term_string}\"},\"query-input\":{\"@type\":\"PropertyValueSpecification\",\"valueRequired\":true,\"valueName\":\"search_term_string\"}}],\"inLanguage\":\"fr-FR\"},{\"@type\":\"Organization\",\"@id\":\"https:\\\/\\\/www.echografilm.com\\\/echographie-3d\\\/#organization\",\"name\":\"Echografilm : Echographie 3D Paris\",\"url\":\"https:\\\/\\\/www.echografilm.com\\\/echographie-3d\\\/\",\"logo\":{\"@type\":\"ImageObject\",\"inLanguage\":\"fr-FR\",\"@id\":\"https:\\\/\\\/www.echografilm.com\\\/echographie-3d\\\/#\\\/schema\\\/logo\\\/image\\\/\",\"url\":\"https:\\\/\\\/www.echografilm.com\\\/echographie-3d\\\/wp-content\\\/uploads\\\/2014\\\/09\\\/logo.png\",\"contentUrl\":\"https:\\\/\\\/www.echografilm.com\\\/echographie-3d\\\/wp-content\\\/uploads\\\/2014\\\/09\\\/logo.png\",\"width\":249,\"height\":95,\"caption\":\"Echografilm : Echographie 3D Paris\"},\"image\":{\"@id\":\"https:\\\/\\\/www.echografilm.com\\\/echographie-3d\\\/#\\\/schema\\\/logo\\\/image\\\/\"},\"sameAs\":[\"https:\\\/\\\/www.facebook.com\\\/echographie3d\\\/\",\"https:\\\/\\\/x.com\\\/Echografilm\"]}]}<\/script>\n<!-- \/ Yoast SEO plugin. -->","yoast_head_json":{"title":"Mentions L\u00e9gales - Echografilm : Echographie 3D 4D Paris","robots":{"index":"index","follow":"follow","max-snippet":"max-snippet:-1","max-image-preview":"max-image-preview:large","max-video-preview":"max-video-preview:-1"},"canonical":"https:\/\/www.echografilm.com\/echographie-3d\/mentions-legales\/","og_locale":"fr_FR","og_type":"article","og_title":"Mentions L\u00e9gales - Echografilm : Echographie 3D 4D Paris","og_url":"https:\/\/www.echografilm.com\/echographie-3d\/mentions-legales\/","og_site_name":"Echografilm : Echographie 3D 4D Paris","article_publisher":"https:\/\/www.facebook.com\/echographie3d\/","article_modified_time":"2018-05-25T07:37:51+00:00","twitter_card":"summary_large_image","twitter_site":"@Echografilm","twitter_misc":{"Dur\u00e9e de lecture estim\u00e9e":"3 minutes"},"schema":{"@context":"https:\/\/schema.org","@graph":[{"@type":"WebPage","@id":"https:\/\/www.echografilm.com\/echographie-3d\/mentions-legales\/","url":"https:\/\/www.echografilm.com\/echographie-3d\/mentions-legales\/","name":"Mentions L\u00e9gales - Echografilm : Echographie 3D 4D Paris","isPartOf":{"@id":"https:\/\/www.echografilm.com\/echographie-3d\/#website"},"datePublished":"2011-08-30T11:28:22+00:00","dateModified":"2018-05-25T07:37:51+00:00","breadcrumb":{"@id":"https:\/\/www.echografilm.com\/echographie-3d\/mentions-legales\/#breadcrumb"},"inLanguage":"fr-FR","potentialAction":[{"@type":"ReadAction","target":["https:\/\/www.echografilm.com\/echographie-3d\/mentions-legales\/"]}]},{"@type":"BreadcrumbList","@id":"https:\/\/www.echografilm.com\/echographie-3d\/mentions-legales\/#breadcrumb","itemListElement":[{"@type":"ListItem","position":1,"name":"Accueil","item":"https:\/\/www.echografilm.com\/echographie-3d\/"},{"@type":"ListItem","position":2,"name":"Mentions L\u00e9gales"}]},{"@type":"WebSite","@id":"https:\/\/www.echografilm.com\/echographie-3d\/#website","url":"https:\/\/www.echografilm.com\/echographie-3d\/","name":"Echografilm : Echographie 3D Paris","description":"Fille ou Gar\u00e7on ? d\u00e8s 14SG Echographies 3D 4D 6D non m\u00e9dicales","publisher":{"@id":"https:\/\/www.echografilm.com\/echographie-3d\/#organization"},"potentialAction":[{"@type":"SearchAction","target":{"@type":"EntryPoint","urlTemplate":"https:\/\/www.echografilm.com\/echographie-3d\/?s={search_term_string}"},"query-input":{"@type":"PropertyValueSpecification","valueRequired":true,"valueName":"search_term_string"}}],"inLanguage":"fr-FR"},{"@type":"Organization","@id":"https:\/\/www.echografilm.com\/echographie-3d\/#organization","name":"Echografilm : Echographie 3D Paris","url":"https:\/\/www.echografilm.com\/echographie-3d\/","logo":{"@type":"ImageObject","inLanguage":"fr-FR","@id":"https:\/\/www.echografilm.com\/echographie-3d\/#\/schema\/logo\/image\/","url":"https:\/\/www.echografilm.com\/echographie-3d\/wp-content\/uploads\/2014\/09\/logo.png","contentUrl":"https:\/\/www.echografilm.com\/echographie-3d\/wp-content\/uploads\/2014\/09\/logo.png","width":249,"height":95,"caption":"Echografilm : Echographie 3D Paris"},"image":{"@id":"https:\/\/www.echografilm.com\/echographie-3d\/#\/schema\/logo\/image\/"},"sameAs":["https:\/\/www.facebook.com\/echographie3d\/","https:\/\/x.com\/Echografilm"]}]}},"_links":{"self":[{"href":"https:\/\/www.echografilm.com\/echographie-3d\/wp-json\/wp\/v2\/pages\/169","targetHints":{"allow":["GET"]}}],"collection":[{"href":"https:\/\/www.echografilm.com\/echographie-3d\/wp-json\/wp\/v2\/pages"}],"about":[{"href":"https:\/\/www.echografilm.com\/echographie-3d\/wp-json\/wp\/v2\/types\/page"}],"author":[{"embeddable":true,"href":"https:\/\/www.echografilm.com\/echographie-3d\/wp-json\/wp\/v2\/users\/2"}],"replies":[{"embeddable":true,"href":"https:\/\/www.echografilm.com\/echographie-3d\/wp-json\/wp\/v2\/comments?post=169"}],"version-history":[{"count":4,"href":"https:\/\/www.echografilm.com\/echographie-3d\/wp-json\/wp\/v2\/pages\/169\/revisions"}],"predecessor-version":[{"id":3701,"href":"https:\/\/www.echografilm.com\/echographie-3d\/wp-json\/wp\/v2\/pages\/169\/revisions\/3701"}],"wp:attachment":[{"href":"https:\/\/www.echografilm.com\/echographie-3d\/wp-json\/wp\/v2\/media?parent=169"}],"curies":[{"name":"wp","href":"https:\/\/api.w.org\/{rel}","templated":true}]}}