{"id":2155,"date":"2014-10-07T11:31:14","date_gmt":"2014-10-07T09:31:14","guid":{"rendered":"http:\/\/www.echografilm.com\/echographie-3d\/?page_id=2155"},"modified":"2022-06-17T20:49:44","modified_gmt":"2022-06-17T19:49:44","slug":"deroulement-dune-echographie-3d-non-medicale","status":"publish","type":"page","link":"https:\/\/www.echografilm.com\/echographie-3d\/deroulement-dune-echographie-3d-non-medicale\/","title":{"rendered":"D\u00e9roulement d&#8217;une \u00e9chographie 3d non-m\u00e9dicale"},"content":{"rendered":"\n<figure class=\"wp-block-embed aligncenter is-type-video is-provider-youtube wp-block-embed-youtube wp-embed-aspect-4-3 wp-has-aspect-ratio\"><div class=\"wp-block-embed__wrapper\">\n<iframe loading=\"lazy\" title=\"Echographie 3D Echografilm.com\" width=\"604\" height=\"453\" src=\"https:\/\/www.youtube.com\/embed\/h6DmHrOZ_Gg?feature=oembed\" frameborder=\"0\" allow=\"accelerometer; autoplay; clipboard-write; encrypted-media; gyroscope; picture-in-picture; web-share\" referrerpolicy=\"strict-origin-when-cross-origin\" allowfullscreen><\/iframe>\n<\/div><\/figure>\n\n\n<h1 style=\"color: #000000; font-family: Georgia, 'Bitstream Charter', serif; line-height: 1.5em; margin-bottom: 20px; font-size: 1.4em; text-align: center;\"><span style=\"color: #3fb0ff;\">Qu'est ce que l'<strong>\u00e9chographie 3d affective<\/strong>?<\/span><\/h1>\n<pre style=\"color: #444444; font-family: Georgia, 'Bitstream Charter', serif; line-height: 1.5; font-size: 16px; margin-bottom: 24px; text-align: justify;\"><span style=\"font-size: 12px; color: #ffc24d;\"><strong>L'\u00e9chographie 3d affective<\/strong>\u00a0appel\u00e9e \u00e9galement\u00a0<strong>\u00e9chographie 3d spectacle<\/strong>\u00a0ou\u00a0<strong>\u00e9chographie 3d non-m\u00e9dicale<\/strong>\u00a0sont des\u00a0<strong>\u00e9chographies 3D 4D<\/strong>\u00a0qui contrairement aux\u00a0<strong>\u00e9chographies<\/strong>\u00a0classiques sont r\u00e9alis\u00e9es sans aucun diagnostic ni commentaire m\u00e9dical.<\/span><\/pre>\n<pre style=\"color: #444444; font-family: Georgia, 'Bitstream Charter', serif; line-height: 1.5; font-size: 16px; margin-bottom: 24px; text-align: justify;\"><span style=\"font-size: 12px; color: #fc5170;\">Le seul but de nos<strong>\u00a0\u00e9chographies 3D 4D<\/strong> est de d\u00e9terminer le sexe de votre futur b\u00e9b\u00e9 (si vous souhaitez le connaitre) et\/ou de r\u00e9aliser des photos et\/ou un beau film de votre petit b\u00e9b\u00e9 avant sa naissance sur smartphone, tablette ou cl\u00e9 USB en fonction du forfait choisi.<\/span><\/pre>\n<p>\u00a0<\/p>\n<h1 style=\"color: #000000; font-family: Georgia, 'Bitstream Charter', serif; line-height: 1.5em; margin-bottom: 20px; font-size: 1.4em; text-align: center;\"><span style=\"color: #b4d542;\">D\u00e9roulement d'une \u00e9chographie 3D\u00a0type chez Echografilm<\/span><\/h1>\n<p class=\"p1\" style=\"text-align: justify;\"><span style=\"color: #7e7e7e;\">Imaginez-vous confortablement allong\u00e9e berce par la musique que vous avez apport\u00e9e.<\/span><\/p>\n<p style=\"text-align: justify;\"><span style=\"color: #7e7e7e;\">La lumi\u00e8re est tamis\u00e9e, l'ambiance d\u00e9tendue, vous \u00eates accompagn\u00e9e des personnes qui vous sont les plus ch\u00e8res pour partager ce moment de contemplation pure de votre futur b\u00e9b\u00e9, ou au contraire vous vous r\u00e9servez la s\u00e9ance.<\/span><\/p>\n<p style=\"text-align: justify;\"><span style=\"color: #7e7e7e;\">Votre m\u00e9decin <strong>\u00e9chographiste<\/strong> a d\u00e9j\u00e0 r\u00e9alis\u00e9 la ou les <strong>\u00e9chographies m\u00e9dicales<\/strong>. Il vous a confirm\u00e9 que tout allait bien. Notre s\u00e9ance d' \u00e9chographie spectacle non m\u00e9dicale peut donc commencer par la localisation du b\u00e9b\u00e9 en 2D. Tr\u00e8s vite on aper\u00e7oit son profil, ses petits bras et ses petites jambes. Je vous aide \u00e0 bien d\u00e9limiter ses petits pieds et petites mains et \u00e0 les observer sur l\u2019\u00e9cran g\u00e9ant si vous n\u2019\u00eates pas s\u00fbre. Aucun risque de rater quelque chose toute l'<strong>\u00e9chographie 3D est enregistr\u00e9e<\/strong>, vous pourrez donc revoir la s\u00e9ance autant de fois que vous le souhaitez chez vous sans alt\u00e9ration de la qualit\u00e9 d\u2019image.<\/span><\/p>\n<p class=\"p2\" style=\"text-align: justify;\"><span style=\"color: #7e7e7e;\">Tr\u00e8s souvent le visionnage \u00e0 la maison sur votre t\u00e9l\u00e9viseur ou ordinateur permet de voir des nouvelles choses pass\u00e9es inaper\u00e7ues pendant la s\u00e9ance. C'est une approche tr\u00e8s souvent diff\u00e9rente.<\/span><\/p>\n<p class=\"p2\" style=\"text-align: justify;\"><span style=\"color: #7e7e7e;\">Votre b\u00e9b\u00e9 est maintenant tr\u00e8s bien localis\u00e9 et on peut commencer \u00e0 passer en mode <strong>\u00e9chographie 3D<\/strong> puis\u00a0<strong>\u00e9chographie 4D<\/strong>\u00a0\u00e9galement appel\u00e9e <strong>\u00e9chographie\u00a0en 3 dimensions temps r\u00e9el<\/strong>. L\u00e0 tout se pr\u00e9cise, le visage est parfaitement d\u00e9fini, on peut m\u00eame essayer de chercher les premi\u00e8res ressemblances ou se laisser bercer par l'\u00e9merveillement de la vue de son b\u00e9b\u00e9. C'est suivant votre sensibilit\u00e9 et votre approche. Pendant la s\u00e9ance, en plus de l\u2019enregistrement continu, vous pouvez, vous-m\u00eame prendre des photos num\u00e9riques avec votre propre t\u00e9l\u00e9commande.<\/span><\/p>\n<p class=\"p2\" style=\"text-align: justify;\"><span style=\"color: #7e7e7e;\">Certains b\u00e9b\u00e9s sont coquins et bougent beaucoup, le\u00a0<span style=\"line-height: 18px;\">mode\u00a0<\/span><strong>\u00e9chographie 3D<\/strong><span style=\"line-height: 18px;\">\u00a0<\/span><span style=\"line-height: 18px;\">puis<\/span><span style=\"line-height: 18px;\">\u00a0<\/span><strong>\u00e9chographie 4D<\/strong><span style=\"line-height: 18px;\">\u00a0\u00e9galement appel\u00e9e\u00a0<\/span><strong>\u00e9chographie\u00a0en 3 dimensions temps r\u00e9el<\/strong>\u00a0va vous permettre de mat\u00e9rialiser \u00e0 l\u2019\u00e9cran les mouvements que fait\u00a0votre b\u00e9b\u00e9 quand vous le sentez bouger. Vous pouvez m\u00eame, si vous avez de la chance voir votre b\u00e9b\u00e9 d\u00e9glutir, ouvrir la bouche et parfois t\u00e9ter sa main ou son pouce.<\/span><\/p>\n<p class=\"p2\" style=\"text-align: justify;\"><span style=\"color: #7e7e7e;\">Toutes les bonnes choses ont une fin et la s\u00e9ance se termine, vous avez des images et des sensations plein l\u2019esprit. Le film et les photos vous sont transmises instantan\u00e9ment ce qui vous permettra de visionner de nouveau \u00e0 la maison ou partout sur votre mobile l\u2019int\u00e9gralit\u00e9 de la s\u00e9ance.<\/span><\/p>\n<p class=\"p2\" style=\"text-align: justify;\"><span style=\"color: #7e7e7e;\">Vous l\u2019avez compris, je suis l\u00e0 pour vous rendre ce moment de contemplation le plus agr\u00e9able qu\u2019il soit. C\u2019est vous qui d\u00e9cidez de tout. Je vais \u00e0 votre rythme et suis l\u00e0 pour vous rendre votre s\u00e9ance la plus agr\u00e9able qu'il soit. Chaque maman et papa a sa propre sensibilit\u00e9, ses attentes et sa vision, ce qui rend les s\u00e9ances d\u2019\u00e9chographie contemplatives toutes diff\u00e9rentes.<\/span><\/p>\n<p class=\"p2\" style=\"text-align: justify;\"><span style=\"color: #7e7e7e;\">Cette description n'est qu'un exemple du d\u00e9roulement d'une s\u00e9ance car parfois, dans de rares cas, la position de b\u00e9b\u00e9 ne permet pas une observation optimale r\u00e9pondant \u00e0 nos crit\u00e8res de qualit\u00e9. Dans ce cas rien n'est perdu, l'enregistrement de cette s\u00e9ance vous est remis mais nous vous proposerons gratuitement une seconde s\u00e9ance au cours de laquelle nous r\u00e9aliserons un second enregistrement. Soyez donc assur\u00e9s que nous mettons tout en oeuvre pour que le premier film de votre b\u00e9b\u00e9 soit r\u00e9ussit.<\/span><\/p>\n<p class=\"p2\" style=\"text-align: justify;\"><span style=\"color: #7fb0ff;\">Eric votre echo-manipulateur<\/span><\/p>","protected":false},"excerpt":{"rendered":"Qu'est ce que l'\u00e9chographie 3d affective? L'\u00e9chographie 3d affective\u00a0appel\u00e9e \u00e9galement\u00a0\u00e9chographie 3d spectacle\u00a0ou\u00a0\u00e9chographie 3d non-m\u00e9dicale\u00a0sont des\u00a0\u00e9chographies 3D 4D\u00a0qui contrairement aux\u00a0\u00e9chographies\u00a0classiques sont r\u00e9alis\u00e9es sans aucun diagnostic ni commentaire m\u00e9dical. Le seul but de nos\u00a0\u00e9chographies 3D 4D est de d\u00e9terminer le sexe de votre futur b\u00e9b\u00e9 (si vous souhaitez le connaitre) et\/ou de r\u00e9aliser des photos et\/ou un beau film de votre petit&nbsp;<a href=\"https:\/\/www.echografilm.com\/echographie-3d\/deroulement-dune-echographie-3d-non-medicale\/\" class=\"read-more\">Lire la suite<\/a>","protected":false},"author":2,"featured_media":0,"parent":0,"menu_order":0,"comment_status":"closed","ping_status":"closed","template":"page-fullwidth.php","meta":{"footnotes":""},"class_list":["post-2155","page","type-page","status-publish","hentry"],"yoast_head":"<!-- This site is optimized with the Yoast SEO plugin v27.5 - https:\/\/yoast.com\/product\/yoast-seo-wordpress\/ -->\n<title>D\u00e9roulement d&#039;une \u00e9chographie 3d non-m\u00e9dicale - Echografilm : Echographie 3D 4D Paris<\/title>\n<meta name=\"robots\" content=\"index, follow, max-snippet:-1, max-image-preview:large, max-video-preview:-1\" \/>\n<link rel=\"canonical\" href=\"https:\/\/www.echografilm.com\/echographie-3d\/deroulement-dune-echographie-3d-non-medicale\/\" \/>\n<meta property=\"og:locale\" content=\"fr_FR\" \/>\n<meta property=\"og:type\" content=\"article\" \/>\n<meta property=\"og:title\" content=\"D\u00e9roulement d&#039;une \u00e9chographie 3d non-m\u00e9dicale - Echografilm : Echographie 3D 4D Paris\" \/>\n<meta property=\"og:description\" content=\"Qu&#039;est ce que l&#039;\u00e9chographie 3d affective? L&#039;\u00e9chographie 3d affective\u00a0appel\u00e9e \u00e9galement\u00a0\u00e9chographie 3d spectacle\u00a0ou\u00a0\u00e9chographie 3d non-m\u00e9dicale\u00a0sont des\u00a0\u00e9chographies 3D 4D\u00a0qui contrairement aux\u00a0\u00e9chographies\u00a0classiques sont r\u00e9alis\u00e9es sans aucun diagnostic ni commentaire m\u00e9dical. Le seul but de nos\u00a0\u00e9chographies 3D 4D est de d\u00e9terminer le sexe de votre futur b\u00e9b\u00e9 (si vous souhaitez le connaitre) et\/ou de r\u00e9aliser des photos et\/ou un beau film de votre petit&nbsp;Lire la suite\" \/>\n<meta property=\"og:url\" content=\"https:\/\/www.echografilm.com\/echographie-3d\/deroulement-dune-echographie-3d-non-medicale\/\" \/>\n<meta property=\"og:site_name\" content=\"Echografilm : Echographie 3D 4D Paris\" \/>\n<meta property=\"article:publisher\" content=\"https:\/\/www.facebook.com\/echographie3d\/\" \/>\n<meta property=\"article:modified_time\" content=\"2022-06-17T19:49:44+00:00\" \/>\n<meta name=\"twitter:card\" content=\"summary_large_image\" \/>\n<meta name=\"twitter:site\" content=\"@Echografilm\" \/>\n<meta name=\"twitter:label1\" content=\"Dur\u00e9e de lecture estim\u00e9e\" \/>\n\t<meta name=\"twitter:data1\" content=\"4 minutes\" \/>\n<script type=\"application\/ld+json\" class=\"yoast-schema-graph\">{\"@context\":\"https:\\\/\\\/schema.org\",\"@graph\":[{\"@type\":\"WebPage\",\"@id\":\"https:\\\/\\\/www.echografilm.com\\\/echographie-3d\\\/deroulement-dune-echographie-3d-non-medicale\\\/\",\"url\":\"https:\\\/\\\/www.echografilm.com\\\/echographie-3d\\\/deroulement-dune-echographie-3d-non-medicale\\\/\",\"name\":\"D\u00e9roulement d'une \u00e9chographie 3d non-m\u00e9dicale - Echografilm : Echographie 3D 4D Paris\",\"isPartOf\":{\"@id\":\"https:\\\/\\\/www.echografilm.com\\\/echographie-3d\\\/#website\"},\"datePublished\":\"2014-10-07T09:31:14+00:00\",\"dateModified\":\"2022-06-17T19:49:44+00:00\",\"breadcrumb\":{\"@id\":\"https:\\\/\\\/www.echografilm.com\\\/echographie-3d\\\/deroulement-dune-echographie-3d-non-medicale\\\/#breadcrumb\"},\"inLanguage\":\"fr-FR\",\"potentialAction\":[{\"@type\":\"ReadAction\",\"target\":[\"https:\\\/\\\/www.echografilm.com\\\/echographie-3d\\\/deroulement-dune-echographie-3d-non-medicale\\\/\"]}]},{\"@type\":\"BreadcrumbList\",\"@id\":\"https:\\\/\\\/www.echografilm.com\\\/echographie-3d\\\/deroulement-dune-echographie-3d-non-medicale\\\/#breadcrumb\",\"itemListElement\":[{\"@type\":\"ListItem\",\"position\":1,\"name\":\"Accueil\",\"item\":\"https:\\\/\\\/www.echografilm.com\\\/echographie-3d\\\/\"},{\"@type\":\"ListItem\",\"position\":2,\"name\":\"D\u00e9roulement d&#8217;une \u00e9chographie 3d non-m\u00e9dicale\"}]},{\"@type\":\"WebSite\",\"@id\":\"https:\\\/\\\/www.echografilm.com\\\/echographie-3d\\\/#website\",\"url\":\"https:\\\/\\\/www.echografilm.com\\\/echographie-3d\\\/\",\"name\":\"Echografilm : Echographie 3D Paris\",\"description\":\"Fille ou Gar\u00e7on ? d\u00e8s 14SG Echographies 3D 4D 6D non m\u00e9dicales\",\"publisher\":{\"@id\":\"https:\\\/\\\/www.echografilm.com\\\/echographie-3d\\\/#organization\"},\"potentialAction\":[{\"@type\":\"SearchAction\",\"target\":{\"@type\":\"EntryPoint\",\"urlTemplate\":\"https:\\\/\\\/www.echografilm.com\\\/echographie-3d\\\/?s={search_term_string}\"},\"query-input\":{\"@type\":\"PropertyValueSpecification\",\"valueRequired\":true,\"valueName\":\"search_term_string\"}}],\"inLanguage\":\"fr-FR\"},{\"@type\":\"Organization\",\"@id\":\"https:\\\/\\\/www.echografilm.com\\\/echographie-3d\\\/#organization\",\"name\":\"Echografilm : Echographie 3D Paris\",\"url\":\"https:\\\/\\\/www.echografilm.com\\\/echographie-3d\\\/\",\"logo\":{\"@type\":\"ImageObject\",\"inLanguage\":\"fr-FR\",\"@id\":\"https:\\\/\\\/www.echografilm.com\\\/echographie-3d\\\/#\\\/schema\\\/logo\\\/image\\\/\",\"url\":\"https:\\\/\\\/www.echografilm.com\\\/echographie-3d\\\/wp-content\\\/uploads\\\/2014\\\/09\\\/logo.png\",\"contentUrl\":\"https:\\\/\\\/www.echografilm.com\\\/echographie-3d\\\/wp-content\\\/uploads\\\/2014\\\/09\\\/logo.png\",\"width\":249,\"height\":95,\"caption\":\"Echografilm : Echographie 3D Paris\"},\"image\":{\"@id\":\"https:\\\/\\\/www.echografilm.com\\\/echographie-3d\\\/#\\\/schema\\\/logo\\\/image\\\/\"},\"sameAs\":[\"https:\\\/\\\/www.facebook.com\\\/echographie3d\\\/\",\"https:\\\/\\\/x.com\\\/Echografilm\"]}]}<\/script>\n<!-- \/ Yoast SEO plugin. -->","yoast_head_json":{"title":"D\u00e9roulement d'une \u00e9chographie 3d non-m\u00e9dicale - Echografilm : Echographie 3D 4D Paris","robots":{"index":"index","follow":"follow","max-snippet":"max-snippet:-1","max-image-preview":"max-image-preview:large","max-video-preview":"max-video-preview:-1"},"canonical":"https:\/\/www.echografilm.com\/echographie-3d\/deroulement-dune-echographie-3d-non-medicale\/","og_locale":"fr_FR","og_type":"article","og_title":"D\u00e9roulement d'une \u00e9chographie 3d non-m\u00e9dicale - Echografilm : Echographie 3D 4D Paris","og_description":"Qu'est ce que l'\u00e9chographie 3d affective? L'\u00e9chographie 3d affective\u00a0appel\u00e9e \u00e9galement\u00a0\u00e9chographie 3d spectacle\u00a0ou\u00a0\u00e9chographie 3d non-m\u00e9dicale\u00a0sont des\u00a0\u00e9chographies 3D 4D\u00a0qui contrairement aux\u00a0\u00e9chographies\u00a0classiques sont r\u00e9alis\u00e9es sans aucun diagnostic ni commentaire m\u00e9dical. Le seul but de nos\u00a0\u00e9chographies 3D 4D est de d\u00e9terminer le sexe de votre futur b\u00e9b\u00e9 (si vous souhaitez le connaitre) et\/ou de r\u00e9aliser des photos et\/ou un beau film de votre petit&nbsp;Lire la suite","og_url":"https:\/\/www.echografilm.com\/echographie-3d\/deroulement-dune-echographie-3d-non-medicale\/","og_site_name":"Echografilm : Echographie 3D 4D Paris","article_publisher":"https:\/\/www.facebook.com\/echographie3d\/","article_modified_time":"2022-06-17T19:49:44+00:00","twitter_card":"summary_large_image","twitter_site":"@Echografilm","twitter_misc":{"Dur\u00e9e de lecture estim\u00e9e":"4 minutes"},"schema":{"@context":"https:\/\/schema.org","@graph":[{"@type":"WebPage","@id":"https:\/\/www.echografilm.com\/echographie-3d\/deroulement-dune-echographie-3d-non-medicale\/","url":"https:\/\/www.echografilm.com\/echographie-3d\/deroulement-dune-echographie-3d-non-medicale\/","name":"D\u00e9roulement d'une \u00e9chographie 3d non-m\u00e9dicale - Echografilm : Echographie 3D 4D Paris","isPartOf":{"@id":"https:\/\/www.echografilm.com\/echographie-3d\/#website"},"datePublished":"2014-10-07T09:31:14+00:00","dateModified":"2022-06-17T19:49:44+00:00","breadcrumb":{"@id":"https:\/\/www.echografilm.com\/echographie-3d\/deroulement-dune-echographie-3d-non-medicale\/#breadcrumb"},"inLanguage":"fr-FR","potentialAction":[{"@type":"ReadAction","target":["https:\/\/www.echografilm.com\/echographie-3d\/deroulement-dune-echographie-3d-non-medicale\/"]}]},{"@type":"BreadcrumbList","@id":"https:\/\/www.echografilm.com\/echographie-3d\/deroulement-dune-echographie-3d-non-medicale\/#breadcrumb","itemListElement":[{"@type":"ListItem","position":1,"name":"Accueil","item":"https:\/\/www.echografilm.com\/echographie-3d\/"},{"@type":"ListItem","position":2,"name":"D\u00e9roulement d&#8217;une \u00e9chographie 3d non-m\u00e9dicale"}]},{"@type":"WebSite","@id":"https:\/\/www.echografilm.com\/echographie-3d\/#website","url":"https:\/\/www.echografilm.com\/echographie-3d\/","name":"Echografilm : Echographie 3D Paris","description":"Fille ou Gar\u00e7on ? d\u00e8s 14SG Echographies 3D 4D 6D non m\u00e9dicales","publisher":{"@id":"https:\/\/www.echografilm.com\/echographie-3d\/#organization"},"potentialAction":[{"@type":"SearchAction","target":{"@type":"EntryPoint","urlTemplate":"https:\/\/www.echografilm.com\/echographie-3d\/?s={search_term_string}"},"query-input":{"@type":"PropertyValueSpecification","valueRequired":true,"valueName":"search_term_string"}}],"inLanguage":"fr-FR"},{"@type":"Organization","@id":"https:\/\/www.echografilm.com\/echographie-3d\/#organization","name":"Echografilm : Echographie 3D Paris","url":"https:\/\/www.echografilm.com\/echographie-3d\/","logo":{"@type":"ImageObject","inLanguage":"fr-FR","@id":"https:\/\/www.echografilm.com\/echographie-3d\/#\/schema\/logo\/image\/","url":"https:\/\/www.echografilm.com\/echographie-3d\/wp-content\/uploads\/2014\/09\/logo.png","contentUrl":"https:\/\/www.echografilm.com\/echographie-3d\/wp-content\/uploads\/2014\/09\/logo.png","width":249,"height":95,"caption":"Echografilm : Echographie 3D Paris"},"image":{"@id":"https:\/\/www.echografilm.com\/echographie-3d\/#\/schema\/logo\/image\/"},"sameAs":["https:\/\/www.facebook.com\/echographie3d\/","https:\/\/x.com\/Echografilm"]}]}},"_links":{"self":[{"href":"https:\/\/www.echografilm.com\/echographie-3d\/wp-json\/wp\/v2\/pages\/2155","targetHints":{"allow":["GET"]}}],"collection":[{"href":"https:\/\/www.echografilm.com\/echographie-3d\/wp-json\/wp\/v2\/pages"}],"about":[{"href":"https:\/\/www.echografilm.com\/echographie-3d\/wp-json\/wp\/v2\/types\/page"}],"author":[{"embeddable":true,"href":"https:\/\/www.echografilm.com\/echographie-3d\/wp-json\/wp\/v2\/users\/2"}],"replies":[{"embeddable":true,"href":"https:\/\/www.echografilm.com\/echographie-3d\/wp-json\/wp\/v2\/comments?post=2155"}],"version-history":[{"count":20,"href":"https:\/\/www.echografilm.com\/echographie-3d\/wp-json\/wp\/v2\/pages\/2155\/revisions"}],"predecessor-version":[{"id":3999,"href":"https:\/\/www.echografilm.com\/echographie-3d\/wp-json\/wp\/v2\/pages\/2155\/revisions\/3999"}],"wp:attachment":[{"href":"https:\/\/www.echografilm.com\/echographie-3d\/wp-json\/wp\/v2\/media?parent=2155"}],"curies":[{"name":"wp","href":"https:\/\/api.w.org\/{rel}","templated":true}]}}