{"id":2213,"date":"2014-10-08T10:30:58","date_gmt":"2014-10-08T08:30:58","guid":{"rendered":"http:\/\/www.echografilm.com\/echographie-3d\/?page_id=2213"},"modified":"2018-04-27T16:04:18","modified_gmt":"2018-04-27T14:04:18","slug":"determination-du-sexe-de-bebe","status":"publish","type":"page","link":"https:\/\/www.echografilm.com\/echographie-3d\/determination-du-sexe-de-bebe\/","title":{"rendered":"D\u00e9termination du sexe de b\u00e9b\u00e9 \u00e0 100% d\u00e8s 14 semaines"},"content":{"rendered":"<div class=\"mp-row-fluid motopress-row mpce-dsbl-margin-left mpce-dsbl-margin-right\">\n<div class=\"motopress-clmn mp-span12  mpce-dsbl-margin-left mpce-dsbl-margin-right\">\n<div class=\"motopress-text-obj\">\n<h2 style=\"text-align: center;\"><span style=\"color: #ff503e;\">D\u00e9terminez la p\u00e9riode id\u00e9ale pour votre propre grossesse<\/span><\/h2>\n<p style=\"text-align: center;\">Sur le calendrier ci-dessous, cliquez sur votre date pr\u00e9vue d'accouchement. Les p\u00e9riodes s'afficheront en couleur sur le calendrier pour votre propre grossesse. Forte de ces informations vous pourrez ensuite r\u00e9server votre \u00e9chographie 3D.<\/p>\n<table id=\"My_Cal_table\">\n<tbody>\n<tr>\n<td id=\"My_Cal_col_gauche\">\n<div id=\"My_Cal_col_gauc_cadre\">\n<div id=\"My_CalInst\">\n<p>Sur le calendrier \u00e0 droite, cliquez sur votre date pr\u00e9vue d'accouchement.<\/p>\n<p>Ensuite reportez vous aux couleurs affich\u00e9es sur le calendrier pour connaitre la meilleure p\u00e9riode<\/p>\n<\/div>\n<div id=\"My_CalLegend\">\n<p><span class=\"My_CalDateGender2\">Determination du sexe \u00e0 100%: D\u00e8s 14 sem de grossesse<br \/>\n<\/span><\/p>\n<p><span class=\"My_CalDateBest2\">P\u00e9riode id\u00e9ale pour la 3D\/4D: De 25 \u00e0 30 sem de grossesse<br \/>\n<\/span><\/p>\n<p><span class=\"My_CalDateGood2\">Bonne p\u00e9riode: 22 \u00e0 25 et 30 \u00e0 32 sem de grossesse<br \/>\n<\/span><\/p>\n<p><span class=\"My_CalDatePoor2\">Qualit\u00e9 de 3D\/4D non pr\u00e9visible: 32 \u00e0 37sem de grossesse<br \/>\n<\/span><\/p>\n<div id=\"spanPregWeek\"><\/div>\n<p><span class=\"My_CalDateGender2\"><strong>Pour r\u00e9server cliquez sur la ville<\/strong>: <a href=\"http:\/\/www.echografilm.com\/reservation_paris_echographie_3d\/\">Paris<\/a> ou\u00a0<a href=\"http:\/\/www.echografilm.com\/reservation_lille_echographie_3d\/\">Lille<\/a><br \/>\n<\/span><\/p>\n<\/div>\n<\/div>\n<\/td>\n<td id=\"My_Cal_Td_col2\">\n<div id=\"fullpage\">\n<div id=\"My_Calendar\">\n<p><!--\n\n\n<div style=\"width:300px;color:Red;font-size:11px\">\n\n -->Votre navigateur a restreint l'execution des scripts ce qui emp\u00eache le calendrier de s'afficher.Pour afficher le calendrier, cliquez sur le message d'avertissement (bandeau jaune en haut de cette page) et autorisez le contenu bloqu\u00e9.<!--<\/div>\n\n\n--><\/p>\n<\/div>\n<p><script type=\"text\/javascript\" language=\"javascript\">\/\/ <!&#091;CDATA&#091;\nMy_CreateCalendar('init')\n\/\/ &#093;&#093;><\/script><\/p>\n<\/div>\n<\/td>\n<\/tr>\n<\/tbody>\n<\/table>\n<\/div>\n<\/div>\n<\/div>\n<div class=\"mp-row-fluid motopress-row mpce-dsbl-margin-left mpce-dsbl-margin-right\">\n<div class=\"motopress-clmn mp-span12  mpce-dsbl-margin-left mpce-dsbl-margin-right\">\n<div class=\"mp-row-fluid motopress-row mpce-dsbl-margin-left mpce-dsbl-margin-right\">\n<div class=\"motopress-clmn mp-span12 mpce-dsbl-margin-left mpce-dsbl-margin-right\">\n<div class=\"motopress-text-obj\">\n<h2 style=\"text-align: center;\">Fille ou Gar\u00e7on Echografilm.com <strong>garanti depuis pr\u00e8s\u00a0de 10 ans \u00e0 100%<\/strong> la d\u00e9termination du sexe de votre b\u00e9b\u00e9 <strong>d\u00e8s 14 semaines de grossesse<\/strong>.<\/h2>\n<\/div>\n<\/div>\n<\/div>\n<div class=\"mp-row-fluid motopress-row mpce-dsbl-margin-left mpce-dsbl-margin-right\">\n<div class=\"motopress-clmn mp-span12 mpce-dsbl-margin-left mpce-dsbl-margin-right\">\n<\/div>\n<\/div>\n<\/div>\n<\/div>\n<div class=\"mp-row-fluid motopress-row mpce-dsbl-margin-left mpce-dsbl-margin-right\">\n<div class=\"motopress-clmn mp-span3  mpce-dsbl-margin-left mpce-dsbl-margin-right\">\n<div class=\"motopress-text-obj\">\n<p>Le <strong>sexe de votre b\u00e9b\u00e9<\/strong> se d\u00e9termine de mani\u00e8re g\u00e9n\u00e9tique pendant la conception quand l'ovule rencontre le spermatozo\u00efde et que les chromosomes des deux cellules s'unissent. C'est la 23\u00e8me paire de chromosome qui d\u00e9termine le sexe.<\/p>\n<\/div>\n<\/div>\n<div class=\"motopress-clmn mp-span9  mpce-dsbl-margin-left mpce-dsbl-margin-right\">\n<div class=\"motopress-video-obj\"><iframe src=\"\/\/www.youtube.com\/embed\/kVPPLk6951g?t=37m10s&wmode=opaque\" class=\" mpce-dsbl-margin-left mpce-dsbl-margin-right mpce-dsbl-margin-top mpce-dsbl-margin-bottom\" frameborder=\"0\" webkitallowfullscreen mozallowfullscreen allowfullscreen><\/iframe><\/div>\n<\/div>\n<\/div>\n<div class=\"mp-row-fluid motopress-row mpce-dsbl-margin-left mpce-dsbl-margin-right\">\n<div class=\"motopress-clmn mp-span3  mpce-dsbl-margin-left mpce-dsbl-margin-right motopress-empty mp-hidden-phone\">\n<\/div>\n<div class=\"motopress-clmn mp-span9  mpce-dsbl-margin-left mpce-dsbl-margin-right\">\n<div class=\"mp-row-fluid motopress-row mpce-dsbl-margin-left mpce-dsbl-margin-right\">\n<div class=\"motopress-clmn mp-span12 mpce-dsbl-margin-left mpce-dsbl-margin-right\">\n<div class=\"motopress-text-obj\">\n<p style=\"text-align: center;\">Pour des infos sur le sexe de b\u00e9b\u00e9 regardez cette vid\u00e9o \u00e0 partir de 37min <em><span style=\"font-size: 10px;\">10s<\/span><\/em><\/p>\n<\/div>\n<\/div>\n<\/div>\n<div class=\"mp-row-fluid motopress-row mpce-dsbl-margin-left mpce-dsbl-margin-right\">\n<div class=\"motopress-clmn mp-span12 mpce-dsbl-margin-left mpce-dsbl-margin-right\">\n<div class=\"motopress-text-obj\">\n<p><span style=\"line-height: 18px;\">Au cours du d\u00e9veloppement, les organes g\u00e9nitaux externes vont se diff\u00e9rencier progressivement. C'est g\u00e9n\u00e9ralement vers la 16eme semaine d'am\u00e9norrh\u00e9e (14 semaines de grossesse), que le sexe du foetus sera visible \u00e0 l'\u00e9chographie. Pour cette raison Echografilm vous garanti depuis pr\u00e8s de 10 ans la\u00a0<\/span><strong>d\u00e9termination du sexe de votre b\u00e9b\u00e9<\/strong><span style=\"line-height: 18px;\">\u00a0\u00e0 100% donc sans erreur.<\/span><\/p>\n<\/div>\n<\/div>\n<\/div>\n<\/div>\n<\/div>\n<div class=\"mp-row-fluid motopress-row mpce-dsbl-margin-left mpce-dsbl-margin-right\">\n<div class=\"motopress-clmn mp-span12  mpce-dsbl-margin-left mpce-dsbl-margin-right\">\n<div class=\"motopress-text-obj\">\n<h3 style=\"text-align: center;\">Ci-dessous, voici comment vous pourrez d\u00e9couvrir le sexe de votre b\u00e9b\u00e9\u00a0lors de votre visite chez Echografilm.com<\/h3>\n<\/div>\n<\/div>\n<\/div>\n<div class=\"mp-row-fluid motopress-row mpce-dsbl-margin-left mpce-dsbl-margin-right\">\n<div class=\"motopress-clmn mp-span12  mpce-dsbl-margin-left mpce-dsbl-margin-right\">\n<div class=\"mp-row-fluid motopress-row mpce-dsbl-margin-left mpce-dsbl-margin-right\">\n<div class=\"motopress-clmn mp-span6 mpce-dsbl-margin-left mpce-dsbl-margin-right\">\n<div id=\"attachment_2239\" style=\"width: 310px\" class=\"wp-caption aligncenter\"><a href=\"https:\/\/www.echografilm.com\/echographie-3d\/wp-content\/uploads\/2014\/10\/12-echografilm-sexe-masculin.jpg\"><img loading=\"lazy\" decoding=\"async\" aria-describedby=\"caption-attachment-2239\" class=\"size-medium wp-image-2239\" src=\"https:\/\/www.echografilm.com\/echographie-3d\/wp-content\/uploads\/2014\/10\/12-echografilm-sexe-masculin-300x225.jpg\" alt=\"Echographie 3D d'un sexe masculin\" width=\"300\" height=\"225\" srcset=\"https:\/\/www.echografilm.com\/echographie-3d\/wp-content\/uploads\/2014\/10\/12-echografilm-sexe-masculin-300x225.jpg 300w, https:\/\/www.echografilm.com\/echographie-3d\/wp-content\/uploads\/2014\/10\/12-echografilm-sexe-masculin-200x150.jpg 200w, https:\/\/www.echografilm.com\/echographie-3d\/wp-content\/uploads\/2014\/10\/12-echografilm-sexe-masculin.jpg 320w\" sizes=\"auto, (max-width: 300px) 100vw, 300px\" \/><\/a><p id=\"caption-attachment-2239\" class=\"wp-caption-text\">Echographie 3D d'un sexe masculin (penis et bourses)<\/p><\/div>\n<\/div>\n<div class=\"motopress-clmn mp-span6 mpce-dsbl-margin-left mpce-dsbl-margin-right\">\n<div id=\"attachment_2225\" style=\"width: 310px\" class=\"wp-caption aligncenter\"><a href=\"https:\/\/www.echografilm.com\/echographie-3d\/wp-content\/uploads\/2014\/10\/9-Echographie-3d-sexe-feminin.jpg\"><img loading=\"lazy\" decoding=\"async\" aria-describedby=\"caption-attachment-2225\" class=\"wp-image-2225 size-medium\" src=\"https:\/\/www.echografilm.com\/echographie-3d\/wp-content\/uploads\/2014\/10\/9-Echographie-3d-sexe-feminin-300x225.jpg\" alt=\"Echographie 3d sexe feminin\" width=\"300\" height=\"225\" srcset=\"https:\/\/www.echografilm.com\/echographie-3d\/wp-content\/uploads\/2014\/10\/9-Echographie-3d-sexe-feminin-300x225.jpg 300w, https:\/\/www.echografilm.com\/echographie-3d\/wp-content\/uploads\/2014\/10\/9-Echographie-3d-sexe-feminin-200x150.jpg 200w, https:\/\/www.echografilm.com\/echographie-3d\/wp-content\/uploads\/2014\/10\/9-Echographie-3d-sexe-feminin.jpg 320w\" sizes=\"auto, (max-width: 300px) 100vw, 300px\" \/><\/a><p id=\"caption-attachment-2225\" class=\"wp-caption-text\">Echographie 3d sexe f\u00e9minin (l\u00e8vres vues de dessous)<\/p><\/div>\n<\/div>\n<\/div>\n<\/div>\n<\/div>\n<div class=\"mp-row-fluid motopress-row mpce-dsbl-margin-left mpce-dsbl-margin-right\">\n<div class=\"motopress-clmn mp-span12  mpce-dsbl-margin-left mpce-dsbl-margin-right\">\n<div class=\"mp-row-fluid motopress-row mpce-dsbl-margin-left mpce-dsbl-margin-right\"><div class=\"motopress-clmn mp-span12 mpce-dsbl-margin-left mpce-dsbl-margin-right motopress-space\"><div class=\"motopress-space-obj mpce-dsbl-background-image-type mpce-dsbl-background-image mpce-dsbl-background-gradient mpce-dsbl-background-position mpce-dsbl-background-position-x mpce-dsbl-background-position-y mpce-dsbl-background-repeat mpce-dsbl-background-size mpce-dsbl-background-attachment mpce-dsbl-margin-left mpce-dsbl-margin-right mpce-dsbl-background-color mpce-dsbl-border-top-width mpce-dsbl-border-bottom-width mpce-dsbl-border-left-width mpce-dsbl-border-right-width mpce-dsbl-border-top-left-radius mpce-dsbl-border-top-right-radius mpce-dsbl-border-bottom-left-radius mpce-dsbl-border-bottom-right-radius mpce-dsbl-border-style mpce-dsbl-border-color mpce-dsbl-padding-left mpce-dsbl-padding-right mpce-dsbl-margin-top mpce-dsbl-margin-bottom mpce-dsbl-color\"  data-min-height=\"0\"><div><\/div><\/div><\/div><\/div>\n<p>&nbsp;<\/p>\n<div class=\"mp-row-fluid motopress-row mpce-dsbl-margin-left mpce-dsbl-margin-right\"><div class=\"motopress-clmn mp-span12 mpce-dsbl-margin-left mpce-dsbl-margin-right\"><div class=\"motopress-text-obj\">\n<p style=\"text-align: center;\"><strong><span style=\"text-decoration: underline;\">Pour aller plus loin voici quelques liens externes:<\/span><\/strong><\/p>\n<\/div><\/div><\/div>\n<\/div>\n<\/div>\n<div class=\"mp-row-fluid motopress-row mpce-dsbl-margin-left mpce-dsbl-margin-right\">\n<div class=\"motopress-clmn mp-span12  mpce-dsbl-margin-left mpce-dsbl-margin-right\">\n<div class=\"motopress-text-obj\">\n<p style=\"text-align: center;\"><a href=\"http:\/\/www.materneo.com\/grossesse\/deviner-le-sexe-de-bebe\/reconnaitre-le-sexe-de-son-futur-bebe-a-lechographie-des-12-sa\/sexe-bebe-echographie-12sa.html\" target=\"_blank\" rel=\"nofollow\">http:\/\/www.materneo.com\/grossesse\/deviner-le-sexe-de-bebe<\/a><\/p>\n<p style=\"text-align: center;\"><a href=\"http:\/\/www.doctissimo.fr\/html\/sexualite\/education\/se_1347_fille_garcon1.htm\" target=\"_blank\" rel=\"nofollow\">http:\/\/www.doctissimo.fr\/html\/sexualite\/education\/se_1347_fille_garcon1.htm<\/a><\/p>\n<p style=\"text-align: center;\"><a href=\"http:\/\/www.babycenter.fr\/x7300019\/vais-je-conna%C3%AEtre-le-sexe-de-mon-b%C3%A9b%C3%A9-lors-de-ma-premi%C3%A8re-%C3%A9chographie-\" target=\"_blank\" rel=\"nofollow\">http:\/\/www.babycenter.fr\/x7300019\/vais-je-conna%C3%AEtre-le-sexe-de-mon-b%C3%A9b%C3%A9-lors-de-ma-premi%C3%A8re-%C3%A9chographie-<\/a><\/p>\n<\/div>\n<\/div>\n<\/div>\n","protected":false},"excerpt":{"rendered":"","protected":false},"author":2,"featured_media":0,"parent":0,"menu_order":0,"comment_status":"closed","ping_status":"closed","template":"","meta":{"footnotes":""},"class_list":["post-2213","page","type-page","status-publish","hentry"],"yoast_head":"<!-- This site is optimized with the Yoast SEO plugin v27.3 - https:\/\/yoast.com\/product\/yoast-seo-wordpress\/ -->\n<title>D\u00e9termination du sexe de b\u00e9b\u00e9 \u00e0 100% d\u00e8s 14 semaines - Echografilm : Echographie 3D 4D Paris<\/title>\n<meta name=\"robots\" content=\"index, follow, max-snippet:-1, max-image-preview:large, max-video-preview:-1\" \/>\n<link rel=\"canonical\" href=\"https:\/\/www.echografilm.com\/echographie-3d\/determination-du-sexe-de-bebe\/\" \/>\n<meta property=\"og:locale\" content=\"fr_FR\" \/>\n<meta property=\"og:type\" content=\"article\" \/>\n<meta property=\"og:title\" content=\"D\u00e9termination du sexe de b\u00e9b\u00e9 \u00e0 100% d\u00e8s 14 semaines - Echografilm : Echographie 3D 4D Paris\" \/>\n<meta property=\"og:url\" content=\"https:\/\/www.echografilm.com\/echographie-3d\/determination-du-sexe-de-bebe\/\" \/>\n<meta property=\"og:site_name\" content=\"Echografilm : Echographie 3D 4D Paris\" \/>\n<meta property=\"article:publisher\" content=\"https:\/\/www.facebook.com\/echographie3d\/\" \/>\n<meta property=\"article:modified_time\" content=\"2018-04-27T14:04:18+00:00\" \/>\n<meta property=\"og:image\" content=\"http:\/\/www.echografilm.com\/echographie-3d\/wp-content\/uploads\/2014\/10\/12-echografilm-sexe-masculin-300x225.jpg\" \/>\n<meta name=\"twitter:card\" content=\"summary_large_image\" \/>\n<meta name=\"twitter:site\" content=\"@Echografilm\" \/>\n<meta name=\"twitter:label1\" content=\"Dur\u00e9e de lecture estim\u00e9e\" \/>\n\t<meta name=\"twitter:data1\" content=\"3 minutes\" \/>\n<script type=\"application\/ld+json\" class=\"yoast-schema-graph\">{\"@context\":\"https:\\\/\\\/schema.org\",\"@graph\":[{\"@type\":\"WebPage\",\"@id\":\"https:\\\/\\\/www.echografilm.com\\\/echographie-3d\\\/determination-du-sexe-de-bebe\\\/\",\"url\":\"https:\\\/\\\/www.echografilm.com\\\/echographie-3d\\\/determination-du-sexe-de-bebe\\\/\",\"name\":\"D\u00e9termination du sexe de b\u00e9b\u00e9 \u00e0 100% d\u00e8s 14 semaines - Echografilm : Echographie 3D 4D Paris\",\"isPartOf\":{\"@id\":\"https:\\\/\\\/www.echografilm.com\\\/echographie-3d\\\/#website\"},\"primaryImageOfPage\":{\"@id\":\"https:\\\/\\\/www.echografilm.com\\\/echographie-3d\\\/determination-du-sexe-de-bebe\\\/#primaryimage\"},\"image\":{\"@id\":\"https:\\\/\\\/www.echografilm.com\\\/echographie-3d\\\/determination-du-sexe-de-bebe\\\/#primaryimage\"},\"thumbnailUrl\":\"http:\\\/\\\/www.echografilm.com\\\/echographie-3d\\\/wp-content\\\/uploads\\\/2014\\\/10\\\/12-echografilm-sexe-masculin-300x225.jpg\",\"datePublished\":\"2014-10-08T08:30:58+00:00\",\"dateModified\":\"2018-04-27T14:04:18+00:00\",\"breadcrumb\":{\"@id\":\"https:\\\/\\\/www.echografilm.com\\\/echographie-3d\\\/determination-du-sexe-de-bebe\\\/#breadcrumb\"},\"inLanguage\":\"fr-FR\",\"potentialAction\":[{\"@type\":\"ReadAction\",\"target\":[\"https:\\\/\\\/www.echografilm.com\\\/echographie-3d\\\/determination-du-sexe-de-bebe\\\/\"]}]},{\"@type\":\"ImageObject\",\"inLanguage\":\"fr-FR\",\"@id\":\"https:\\\/\\\/www.echografilm.com\\\/echographie-3d\\\/determination-du-sexe-de-bebe\\\/#primaryimage\",\"url\":\"http:\\\/\\\/www.echografilm.com\\\/echographie-3d\\\/wp-content\\\/uploads\\\/2014\\\/10\\\/12-echografilm-sexe-masculin-300x225.jpg\",\"contentUrl\":\"http:\\\/\\\/www.echografilm.com\\\/echographie-3d\\\/wp-content\\\/uploads\\\/2014\\\/10\\\/12-echografilm-sexe-masculin-300x225.jpg\"},{\"@type\":\"BreadcrumbList\",\"@id\":\"https:\\\/\\\/www.echografilm.com\\\/echographie-3d\\\/determination-du-sexe-de-bebe\\\/#breadcrumb\",\"itemListElement\":[{\"@type\":\"ListItem\",\"position\":1,\"name\":\"Accueil\",\"item\":\"https:\\\/\\\/www.echografilm.com\\\/echographie-3d\\\/\"},{\"@type\":\"ListItem\",\"position\":2,\"name\":\"D\u00e9termination du sexe de b\u00e9b\u00e9 \u00e0 100% d\u00e8s 14 semaines\"}]},{\"@type\":\"WebSite\",\"@id\":\"https:\\\/\\\/www.echografilm.com\\\/echographie-3d\\\/#website\",\"url\":\"https:\\\/\\\/www.echografilm.com\\\/echographie-3d\\\/\",\"name\":\"Echografilm : Echographie 3D Paris\",\"description\":\"Fille ou Gar\u00e7on ? d\u00e8s 14SG Echographies 3D 4D 6D non m\u00e9dicales\",\"publisher\":{\"@id\":\"https:\\\/\\\/www.echografilm.com\\\/echographie-3d\\\/#organization\"},\"potentialAction\":[{\"@type\":\"SearchAction\",\"target\":{\"@type\":\"EntryPoint\",\"urlTemplate\":\"https:\\\/\\\/www.echografilm.com\\\/echographie-3d\\\/?s={search_term_string}\"},\"query-input\":{\"@type\":\"PropertyValueSpecification\",\"valueRequired\":true,\"valueName\":\"search_term_string\"}}],\"inLanguage\":\"fr-FR\"},{\"@type\":\"Organization\",\"@id\":\"https:\\\/\\\/www.echografilm.com\\\/echographie-3d\\\/#organization\",\"name\":\"Echografilm : Echographie 3D Paris\",\"url\":\"https:\\\/\\\/www.echografilm.com\\\/echographie-3d\\\/\",\"logo\":{\"@type\":\"ImageObject\",\"inLanguage\":\"fr-FR\",\"@id\":\"https:\\\/\\\/www.echografilm.com\\\/echographie-3d\\\/#\\\/schema\\\/logo\\\/image\\\/\",\"url\":\"https:\\\/\\\/www.echografilm.com\\\/echographie-3d\\\/wp-content\\\/uploads\\\/2014\\\/09\\\/logo.png\",\"contentUrl\":\"https:\\\/\\\/www.echografilm.com\\\/echographie-3d\\\/wp-content\\\/uploads\\\/2014\\\/09\\\/logo.png\",\"width\":249,\"height\":95,\"caption\":\"Echografilm : Echographie 3D Paris\"},\"image\":{\"@id\":\"https:\\\/\\\/www.echografilm.com\\\/echographie-3d\\\/#\\\/schema\\\/logo\\\/image\\\/\"},\"sameAs\":[\"https:\\\/\\\/www.facebook.com\\\/echographie3d\\\/\",\"https:\\\/\\\/x.com\\\/Echografilm\"]}]}<\/script>\n<!-- \/ Yoast SEO plugin. -->","yoast_head_json":{"title":"D\u00e9termination du sexe de b\u00e9b\u00e9 \u00e0 100% d\u00e8s 14 semaines - Echografilm : Echographie 3D 4D Paris","robots":{"index":"index","follow":"follow","max-snippet":"max-snippet:-1","max-image-preview":"max-image-preview:large","max-video-preview":"max-video-preview:-1"},"canonical":"https:\/\/www.echografilm.com\/echographie-3d\/determination-du-sexe-de-bebe\/","og_locale":"fr_FR","og_type":"article","og_title":"D\u00e9termination du sexe de b\u00e9b\u00e9 \u00e0 100% d\u00e8s 14 semaines - Echografilm : Echographie 3D 4D Paris","og_url":"https:\/\/www.echografilm.com\/echographie-3d\/determination-du-sexe-de-bebe\/","og_site_name":"Echografilm : Echographie 3D 4D Paris","article_publisher":"https:\/\/www.facebook.com\/echographie3d\/","article_modified_time":"2018-04-27T14:04:18+00:00","og_image":[{"url":"http:\/\/www.echografilm.com\/echographie-3d\/wp-content\/uploads\/2014\/10\/12-echografilm-sexe-masculin-300x225.jpg","type":"","width":"","height":""}],"twitter_card":"summary_large_image","twitter_site":"@Echografilm","twitter_misc":{"Dur\u00e9e de lecture estim\u00e9e":"3 minutes"},"schema":{"@context":"https:\/\/schema.org","@graph":[{"@type":"WebPage","@id":"https:\/\/www.echografilm.com\/echographie-3d\/determination-du-sexe-de-bebe\/","url":"https:\/\/www.echografilm.com\/echographie-3d\/determination-du-sexe-de-bebe\/","name":"D\u00e9termination du sexe de b\u00e9b\u00e9 \u00e0 100% d\u00e8s 14 semaines - Echografilm : Echographie 3D 4D Paris","isPartOf":{"@id":"https:\/\/www.echografilm.com\/echographie-3d\/#website"},"primaryImageOfPage":{"@id":"https:\/\/www.echografilm.com\/echographie-3d\/determination-du-sexe-de-bebe\/#primaryimage"},"image":{"@id":"https:\/\/www.echografilm.com\/echographie-3d\/determination-du-sexe-de-bebe\/#primaryimage"},"thumbnailUrl":"http:\/\/www.echografilm.com\/echographie-3d\/wp-content\/uploads\/2014\/10\/12-echografilm-sexe-masculin-300x225.jpg","datePublished":"2014-10-08T08:30:58+00:00","dateModified":"2018-04-27T14:04:18+00:00","breadcrumb":{"@id":"https:\/\/www.echografilm.com\/echographie-3d\/determination-du-sexe-de-bebe\/#breadcrumb"},"inLanguage":"fr-FR","potentialAction":[{"@type":"ReadAction","target":["https:\/\/www.echografilm.com\/echographie-3d\/determination-du-sexe-de-bebe\/"]}]},{"@type":"ImageObject","inLanguage":"fr-FR","@id":"https:\/\/www.echografilm.com\/echographie-3d\/determination-du-sexe-de-bebe\/#primaryimage","url":"http:\/\/www.echografilm.com\/echographie-3d\/wp-content\/uploads\/2014\/10\/12-echografilm-sexe-masculin-300x225.jpg","contentUrl":"http:\/\/www.echografilm.com\/echographie-3d\/wp-content\/uploads\/2014\/10\/12-echografilm-sexe-masculin-300x225.jpg"},{"@type":"BreadcrumbList","@id":"https:\/\/www.echografilm.com\/echographie-3d\/determination-du-sexe-de-bebe\/#breadcrumb","itemListElement":[{"@type":"ListItem","position":1,"name":"Accueil","item":"https:\/\/www.echografilm.com\/echographie-3d\/"},{"@type":"ListItem","position":2,"name":"D\u00e9termination du sexe de b\u00e9b\u00e9 \u00e0 100% d\u00e8s 14 semaines"}]},{"@type":"WebSite","@id":"https:\/\/www.echografilm.com\/echographie-3d\/#website","url":"https:\/\/www.echografilm.com\/echographie-3d\/","name":"Echografilm : Echographie 3D Paris","description":"Fille ou Gar\u00e7on ? d\u00e8s 14SG Echographies 3D 4D 6D non m\u00e9dicales","publisher":{"@id":"https:\/\/www.echografilm.com\/echographie-3d\/#organization"},"potentialAction":[{"@type":"SearchAction","target":{"@type":"EntryPoint","urlTemplate":"https:\/\/www.echografilm.com\/echographie-3d\/?s={search_term_string}"},"query-input":{"@type":"PropertyValueSpecification","valueRequired":true,"valueName":"search_term_string"}}],"inLanguage":"fr-FR"},{"@type":"Organization","@id":"https:\/\/www.echografilm.com\/echographie-3d\/#organization","name":"Echografilm : Echographie 3D Paris","url":"https:\/\/www.echografilm.com\/echographie-3d\/","logo":{"@type":"ImageObject","inLanguage":"fr-FR","@id":"https:\/\/www.echografilm.com\/echographie-3d\/#\/schema\/logo\/image\/","url":"https:\/\/www.echografilm.com\/echographie-3d\/wp-content\/uploads\/2014\/09\/logo.png","contentUrl":"https:\/\/www.echografilm.com\/echographie-3d\/wp-content\/uploads\/2014\/09\/logo.png","width":249,"height":95,"caption":"Echografilm : Echographie 3D Paris"},"image":{"@id":"https:\/\/www.echografilm.com\/echographie-3d\/#\/schema\/logo\/image\/"},"sameAs":["https:\/\/www.facebook.com\/echographie3d\/","https:\/\/x.com\/Echografilm"]}]}},"_links":{"self":[{"href":"https:\/\/www.echografilm.com\/echographie-3d\/wp-json\/wp\/v2\/pages\/2213","targetHints":{"allow":["GET"]}}],"collection":[{"href":"https:\/\/www.echografilm.com\/echographie-3d\/wp-json\/wp\/v2\/pages"}],"about":[{"href":"https:\/\/www.echografilm.com\/echographie-3d\/wp-json\/wp\/v2\/types\/page"}],"author":[{"embeddable":true,"href":"https:\/\/www.echografilm.com\/echographie-3d\/wp-json\/wp\/v2\/users\/2"}],"replies":[{"embeddable":true,"href":"https:\/\/www.echografilm.com\/echographie-3d\/wp-json\/wp\/v2\/comments?post=2213"}],"version-history":[{"count":36,"href":"https:\/\/www.echografilm.com\/echographie-3d\/wp-json\/wp\/v2\/pages\/2213\/revisions"}],"predecessor-version":[{"id":2994,"href":"https:\/\/www.echografilm.com\/echographie-3d\/wp-json\/wp\/v2\/pages\/2213\/revisions\/2994"}],"wp:attachment":[{"href":"https:\/\/www.echografilm.com\/echographie-3d\/wp-json\/wp\/v2\/media?parent=2213"}],"curies":[{"name":"wp","href":"https:\/\/api.w.org\/{rel}","templated":true}]}}