{"id":2376,"date":"2014-11-18T14:37:53","date_gmt":"2014-11-18T13:37:53","guid":{"rendered":"http:\/\/www.echografilm.com\/echographie-3d\/?page_id=2376"},"modified":"2021-04-18T16:29:26","modified_gmt":"2021-04-18T15:29:26","slug":"echografilm-dans-100-mag-sur-m6","status":"publish","type":"page","link":"https:\/\/www.echografilm.com\/echographie-3d\/echografilm-dans-100-mag-sur-m6\/","title":{"rendered":"Echografilm dans 100% MAG sur M6"},"content":{"rendered":"<p><em>L'engouement des futurs parents pour les \u00e9chographies 3D 4D non m\u00e9dicales ne cessant d'augmenter, 100% Mag&nbsp;le&nbsp;magazine quotidien d\u2019info sur M6 dont l\u2019ambition est de faire d\u00e9couvrir et comprendre les \u00e9v\u00e9nements, les ph\u00e9nom\u00e8nes et les \u00e9volutions qui marquent notre soci\u00e9t\u00e9&nbsp;a choisi Echografilm N\u00b01 des \u00e9chographies 3D 4D en France pour r\u00e9aliser&nbsp;son reportage.<\/em><br \/>\n<iframe loading=\"lazy\" title=\"Echografilm_Echographie_3D_4D_non_m\u00e9dicales\" width=\"604\" height=\"340\" src=\"https:\/\/www.youtube.com\/embed\/jY6jDiot1vQ?feature=oembed\" frameborder=\"0\" allow=\"accelerometer; autoplay; clipboard-write; encrypted-media; gyroscope; picture-in-picture; web-share\" referrerpolicy=\"strict-origin-when-cross-origin\" allowfullscreen><\/iframe><\/p>\n","protected":false},"excerpt":{"rendered":"L'engouement des futurs parents pour les \u00e9chographies 3D 4D non m\u00e9dicales ne cessant d'augmenter, 100% Mag&nbsp;le&nbsp;magazine quotidien d\u2019info sur M6 dont l\u2019ambition est de faire d\u00e9couvrir et comprendre les \u00e9v\u00e9nements, les ph\u00e9nom\u00e8nes et les \u00e9volutions qui marquent notre soci\u00e9t\u00e9&nbsp;a choisi Echografilm N\u00b01 des \u00e9chographies 3D 4D en France pour r\u00e9aliser&nbsp;son reportage.","protected":false},"author":2,"featured_media":0,"parent":0,"menu_order":0,"comment_status":"closed","ping_status":"open","template":"page-testi.php","meta":{"footnotes":""},"class_list":["post-2376","page","type-page","status-publish","hentry"],"yoast_head":"<!-- This site is optimized with the Yoast SEO plugin v27.5 - https:\/\/yoast.com\/product\/yoast-seo-wordpress\/ -->\n<title>Echografilm dans 100% MAG sur M6 - Echografilm : Echographie 3D 4D Paris<\/title>\n<meta name=\"robots\" content=\"index, follow, max-snippet:-1, max-image-preview:large, max-video-preview:-1\" \/>\n<link rel=\"canonical\" href=\"https:\/\/www.echografilm.com\/echographie-3d\/echografilm-dans-100-mag-sur-m6\/\" \/>\n<meta property=\"og:locale\" content=\"fr_FR\" \/>\n<meta property=\"og:type\" content=\"article\" \/>\n<meta property=\"og:title\" content=\"Echografilm dans 100% MAG sur M6 - Echografilm : Echographie 3D 4D Paris\" \/>\n<meta property=\"og:description\" content=\"L&#039;engouement des futurs parents pour les \u00e9chographies 3D 4D non m\u00e9dicales ne cessant d&#039;augmenter, 100% Mag&nbsp;le&nbsp;magazine quotidien d\u2019info sur M6 dont l\u2019ambition est de faire d\u00e9couvrir et comprendre les \u00e9v\u00e9nements, les ph\u00e9nom\u00e8nes et les \u00e9volutions qui marquent notre soci\u00e9t\u00e9&nbsp;a choisi Echografilm N\u00b01 des \u00e9chographies 3D 4D en France pour r\u00e9aliser&nbsp;son reportage.\" \/>\n<meta property=\"og:url\" content=\"https:\/\/www.echografilm.com\/echographie-3d\/echografilm-dans-100-mag-sur-m6\/\" \/>\n<meta property=\"og:site_name\" content=\"Echografilm : Echographie 3D 4D Paris\" \/>\n<meta property=\"article:publisher\" content=\"https:\/\/www.facebook.com\/echographie3d\/\" \/>\n<meta property=\"article:modified_time\" content=\"2021-04-18T15:29:26+00:00\" \/>\n<meta name=\"twitter:card\" content=\"summary_large_image\" \/>\n<meta name=\"twitter:site\" content=\"@Echografilm\" \/>\n<script type=\"application\/ld+json\" class=\"yoast-schema-graph\">{\"@context\":\"https:\\\/\\\/schema.org\",\"@graph\":[{\"@type\":\"WebPage\",\"@id\":\"https:\\\/\\\/www.echografilm.com\\\/echographie-3d\\\/echografilm-dans-100-mag-sur-m6\\\/\",\"url\":\"https:\\\/\\\/www.echografilm.com\\\/echographie-3d\\\/echografilm-dans-100-mag-sur-m6\\\/\",\"name\":\"Echografilm dans 100% MAG sur M6 - Echografilm : Echographie 3D 4D Paris\",\"isPartOf\":{\"@id\":\"https:\\\/\\\/www.echografilm.com\\\/echographie-3d\\\/#website\"},\"datePublished\":\"2014-11-18T13:37:53+00:00\",\"dateModified\":\"2021-04-18T15:29:26+00:00\",\"breadcrumb\":{\"@id\":\"https:\\\/\\\/www.echografilm.com\\\/echographie-3d\\\/echografilm-dans-100-mag-sur-m6\\\/#breadcrumb\"},\"inLanguage\":\"fr-FR\",\"potentialAction\":[{\"@type\":\"ReadAction\",\"target\":[\"https:\\\/\\\/www.echografilm.com\\\/echographie-3d\\\/echografilm-dans-100-mag-sur-m6\\\/\"]}]},{\"@type\":\"BreadcrumbList\",\"@id\":\"https:\\\/\\\/www.echografilm.com\\\/echographie-3d\\\/echografilm-dans-100-mag-sur-m6\\\/#breadcrumb\",\"itemListElement\":[{\"@type\":\"ListItem\",\"position\":1,\"name\":\"Accueil\",\"item\":\"https:\\\/\\\/www.echografilm.com\\\/echographie-3d\\\/\"},{\"@type\":\"ListItem\",\"position\":2,\"name\":\"Echografilm dans 100% MAG sur M6\"}]},{\"@type\":\"WebSite\",\"@id\":\"https:\\\/\\\/www.echografilm.com\\\/echographie-3d\\\/#website\",\"url\":\"https:\\\/\\\/www.echografilm.com\\\/echographie-3d\\\/\",\"name\":\"Echografilm : Echographie 3D Paris\",\"description\":\"Fille ou Gar\u00e7on ? d\u00e8s 14SG Echographies 3D 4D 6D non m\u00e9dicales\",\"publisher\":{\"@id\":\"https:\\\/\\\/www.echografilm.com\\\/echographie-3d\\\/#organization\"},\"potentialAction\":[{\"@type\":\"SearchAction\",\"target\":{\"@type\":\"EntryPoint\",\"urlTemplate\":\"https:\\\/\\\/www.echografilm.com\\\/echographie-3d\\\/?s={search_term_string}\"},\"query-input\":{\"@type\":\"PropertyValueSpecification\",\"valueRequired\":true,\"valueName\":\"search_term_string\"}}],\"inLanguage\":\"fr-FR\"},{\"@type\":\"Organization\",\"@id\":\"https:\\\/\\\/www.echografilm.com\\\/echographie-3d\\\/#organization\",\"name\":\"Echografilm : Echographie 3D Paris\",\"url\":\"https:\\\/\\\/www.echografilm.com\\\/echographie-3d\\\/\",\"logo\":{\"@type\":\"ImageObject\",\"inLanguage\":\"fr-FR\",\"@id\":\"https:\\\/\\\/www.echografilm.com\\\/echographie-3d\\\/#\\\/schema\\\/logo\\\/image\\\/\",\"url\":\"https:\\\/\\\/www.echografilm.com\\\/echographie-3d\\\/wp-content\\\/uploads\\\/2014\\\/09\\\/logo.png\",\"contentUrl\":\"https:\\\/\\\/www.echografilm.com\\\/echographie-3d\\\/wp-content\\\/uploads\\\/2014\\\/09\\\/logo.png\",\"width\":249,\"height\":95,\"caption\":\"Echografilm : Echographie 3D Paris\"},\"image\":{\"@id\":\"https:\\\/\\\/www.echografilm.com\\\/echographie-3d\\\/#\\\/schema\\\/logo\\\/image\\\/\"},\"sameAs\":[\"https:\\\/\\\/www.facebook.com\\\/echographie3d\\\/\",\"https:\\\/\\\/x.com\\\/Echografilm\"]}]}<\/script>\n<!-- \/ Yoast SEO plugin. -->","yoast_head_json":{"title":"Echografilm dans 100% MAG sur M6 - Echografilm : Echographie 3D 4D Paris","robots":{"index":"index","follow":"follow","max-snippet":"max-snippet:-1","max-image-preview":"max-image-preview:large","max-video-preview":"max-video-preview:-1"},"canonical":"https:\/\/www.echografilm.com\/echographie-3d\/echografilm-dans-100-mag-sur-m6\/","og_locale":"fr_FR","og_type":"article","og_title":"Echografilm dans 100% MAG sur M6 - Echografilm : Echographie 3D 4D Paris","og_description":"L'engouement des futurs parents pour les \u00e9chographies 3D 4D non m\u00e9dicales ne cessant d'augmenter, 100% Mag&nbsp;le&nbsp;magazine quotidien d\u2019info sur M6 dont l\u2019ambition est de faire d\u00e9couvrir et comprendre les \u00e9v\u00e9nements, les ph\u00e9nom\u00e8nes et les \u00e9volutions qui marquent notre soci\u00e9t\u00e9&nbsp;a choisi Echografilm N\u00b01 des \u00e9chographies 3D 4D en France pour r\u00e9aliser&nbsp;son reportage.","og_url":"https:\/\/www.echografilm.com\/echographie-3d\/echografilm-dans-100-mag-sur-m6\/","og_site_name":"Echografilm : Echographie 3D 4D Paris","article_publisher":"https:\/\/www.facebook.com\/echographie3d\/","article_modified_time":"2021-04-18T15:29:26+00:00","twitter_card":"summary_large_image","twitter_site":"@Echografilm","schema":{"@context":"https:\/\/schema.org","@graph":[{"@type":"WebPage","@id":"https:\/\/www.echografilm.com\/echographie-3d\/echografilm-dans-100-mag-sur-m6\/","url":"https:\/\/www.echografilm.com\/echographie-3d\/echografilm-dans-100-mag-sur-m6\/","name":"Echografilm dans 100% MAG sur M6 - Echografilm : Echographie 3D 4D Paris","isPartOf":{"@id":"https:\/\/www.echografilm.com\/echographie-3d\/#website"},"datePublished":"2014-11-18T13:37:53+00:00","dateModified":"2021-04-18T15:29:26+00:00","breadcrumb":{"@id":"https:\/\/www.echografilm.com\/echographie-3d\/echografilm-dans-100-mag-sur-m6\/#breadcrumb"},"inLanguage":"fr-FR","potentialAction":[{"@type":"ReadAction","target":["https:\/\/www.echografilm.com\/echographie-3d\/echografilm-dans-100-mag-sur-m6\/"]}]},{"@type":"BreadcrumbList","@id":"https:\/\/www.echografilm.com\/echographie-3d\/echografilm-dans-100-mag-sur-m6\/#breadcrumb","itemListElement":[{"@type":"ListItem","position":1,"name":"Accueil","item":"https:\/\/www.echografilm.com\/echographie-3d\/"},{"@type":"ListItem","position":2,"name":"Echografilm dans 100% MAG sur M6"}]},{"@type":"WebSite","@id":"https:\/\/www.echografilm.com\/echographie-3d\/#website","url":"https:\/\/www.echografilm.com\/echographie-3d\/","name":"Echografilm : Echographie 3D Paris","description":"Fille ou Gar\u00e7on ? d\u00e8s 14SG Echographies 3D 4D 6D non m\u00e9dicales","publisher":{"@id":"https:\/\/www.echografilm.com\/echographie-3d\/#organization"},"potentialAction":[{"@type":"SearchAction","target":{"@type":"EntryPoint","urlTemplate":"https:\/\/www.echografilm.com\/echographie-3d\/?s={search_term_string}"},"query-input":{"@type":"PropertyValueSpecification","valueRequired":true,"valueName":"search_term_string"}}],"inLanguage":"fr-FR"},{"@type":"Organization","@id":"https:\/\/www.echografilm.com\/echographie-3d\/#organization","name":"Echografilm : Echographie 3D Paris","url":"https:\/\/www.echografilm.com\/echographie-3d\/","logo":{"@type":"ImageObject","inLanguage":"fr-FR","@id":"https:\/\/www.echografilm.com\/echographie-3d\/#\/schema\/logo\/image\/","url":"https:\/\/www.echografilm.com\/echographie-3d\/wp-content\/uploads\/2014\/09\/logo.png","contentUrl":"https:\/\/www.echografilm.com\/echographie-3d\/wp-content\/uploads\/2014\/09\/logo.png","width":249,"height":95,"caption":"Echografilm : Echographie 3D Paris"},"image":{"@id":"https:\/\/www.echografilm.com\/echographie-3d\/#\/schema\/logo\/image\/"},"sameAs":["https:\/\/www.facebook.com\/echographie3d\/","https:\/\/x.com\/Echografilm"]}]}},"_links":{"self":[{"href":"https:\/\/www.echografilm.com\/echographie-3d\/wp-json\/wp\/v2\/pages\/2376","targetHints":{"allow":["GET"]}}],"collection":[{"href":"https:\/\/www.echografilm.com\/echographie-3d\/wp-json\/wp\/v2\/pages"}],"about":[{"href":"https:\/\/www.echografilm.com\/echographie-3d\/wp-json\/wp\/v2\/types\/page"}],"author":[{"embeddable":true,"href":"https:\/\/www.echografilm.com\/echographie-3d\/wp-json\/wp\/v2\/users\/2"}],"replies":[{"embeddable":true,"href":"https:\/\/www.echografilm.com\/echographie-3d\/wp-json\/wp\/v2\/comments?post=2376"}],"version-history":[{"count":3,"href":"https:\/\/www.echografilm.com\/echographie-3d\/wp-json\/wp\/v2\/pages\/2376\/revisions"}],"predecessor-version":[{"id":3872,"href":"https:\/\/www.echografilm.com\/echographie-3d\/wp-json\/wp\/v2\/pages\/2376\/revisions\/3872"}],"wp:attachment":[{"href":"https:\/\/www.echografilm.com\/echographie-3d\/wp-json\/wp\/v2\/media?parent=2376"}],"curies":[{"name":"wp","href":"https:\/\/api.w.org\/{rel}","templated":true}]}}