{"id":2413,"date":"2014-12-24T10:37:01","date_gmt":"2014-12-24T09:37:01","guid":{"rendered":"http:\/\/www.echografilm.com\/echographie-3d\/?page_id=2413"},"modified":"2024-11-11T17:49:48","modified_gmt":"2024-11-11T15:49:48","slug":"tarifs-des-echographies-3d-paris","status":"publish","type":"page","link":"https:\/\/www.echografilm.com\/echographie-3d\/tarifs-des-echographies-3d-paris\/","title":{"rendered":"Tarifs des \u00e9chographies 3D \u00e0 Paris Champs-Elys\u00e9es"},"content":{"rendered":"<div class=\"row_forfaits\">\n<div class=\"row\">\n<div class=\"col-md-12\">\n<div class=\"forfaits_1_echografilm\">\n<div class=\"forfaits_1_titre\">\n<h1>Forfait Fille ou Gar\u00e7on<\/h1>\n<\/div>\n<div class=\"row\">\n<div class=\"col-sm-9 block\">\n<ul>\n<li><strong>Echographie 3D 4D 2D de d\u00e9termination du sexe de b\u00e9b\u00e9.<\/strong><\/li>\n<li>D\u00e9termination du sexe <strong>garantie \u00e0 100%<\/strong> d\u00e8s 14 semaines de grossesse par nos 16 ann\u00e9es d'exp\u00e9rience.<\/li>\n<li>Dur\u00e9e : Sans dur\u00e9e, souvent tr\u00e8s court car s'arr\u00eate quand le sexe est d\u00e9termin\u00e9 \u00e0 100%.<\/li>\n<li>D\u00e9couverte du sexe sur place par jeu de lumi\u00e8res et\/ou plus tard avec nos cartes \u00e0 gratter <em>(voir options).<\/em><\/li>\n<li>V\u00e9rifiez bien que vous serez au moins \u00e0 14 semaines de grossesse : <a href=\"services-view\/quand-faire-son-echographie-3d\/\" data-wplink-url-error=\"true\" rel=\"nofollow\">ici<\/a><\/li>\n<li><strong>Je r\u00e9serve ma s\u00e9ance en cliquant sur: <a href=\"\/..\/reservation_paris_echographie_3d\" rel=\"nofollow\">Paris<\/a><\/strong><\/li>\n<\/ul>\n<\/div>\n<div class=\"col-sm-3 \"><img loading=\"lazy\" decoding=\"async\" src=\"..\/wp-content\/uploads\/2014\/12\/determination_sexe.png\" alt=\"determination du sexe echographie 3D\" width=\"150\" height=\"112\" \/><\/div>\n<\/div>\n<div class=\"forfaits_1_prix\">\n<h2>60<small>\u20ac<\/small><\/h2>\n<\/div>\n<\/div>\n<\/div>\n<\/div>\n<div class=\"row\">\n<div class=\"col-md-12\">\n<div class=\"forfaits_6_echografilm\">\n<div class=\"forfaits_6_titre\">\n<h1>Forfait Fille ou Gar\u00e7on Plus<\/h1>\n<\/div>\n<div class=\"row\">\n<div class=\"col-sm-9 block\">\n<ul>\n<li>Forfait identique au forfait fille ou Gar\u00e7on avec la s\u00e9ance enregistr\u00e9e en souvenir.<\/li>\n<li><b>Vous aurez le film<\/b>\u00a0sur Smartphone, Tablette, ordinateur.<\/li>\n<li>D\u00e9termination du sexe <strong>garantie \u00e0 100%<\/strong> d\u00e8s 14 semaines de grossesse par nos 16 ann\u00e9es d'exp\u00e9rience.<\/li>\n<li>Dur\u00e9e : Sans dur\u00e9e, souvent tr\u00e8s court car s'arr\u00eate quand le sexe est d\u00e9termin\u00e9 \u00e0 100%, mais le film de d\u00e9termination est enregistr\u00e9 ainsi que votre r\u00e9action \u00e0 l'annonce 'a demander avant le d\u00e9but', vous gardez la preuve en images du sexe de votre b\u00e9b\u00e9.<\/li>\n<li>D\u00e9couverte du sexe sur place par jeu de lumi\u00e8res et\/ou plus tard avec nos cartes \u00e0 gratter <em>(voir options).<\/em><\/li>\n<li>V\u00e9rifiez bien que vous serez au moins \u00e0 14 semaines de grossesse : <a href=\"services-view\/quand-faire-son-echographie-3d\/\" data-wplink-url-error=\"true\" rel=\"nofollow\">ici<\/a><\/li>\n<li><strong>Je r\u00e9serve ma s\u00e9ance en cliquant sur: <a href=\"\/..\/reservation_paris_echographie_3d\" rel=\"nofollow\">Paris<\/a><\/strong><\/li>\n<\/ul>\n<\/div>\n<div class=\"col-sm-3 \"><img loading=\"lazy\" decoding=\"async\" src=\"..\/wp-content\/uploads\/2014\/12\/determination_sexe.png\" alt=\"determination du sexe echographie 3D\" width=\"150\" height=\"112\" \/><\/div>\n<\/div>\n<div class=\"forfaits_6_prix\">\n<h2>70<small>\u20ac<\/small><\/h2>\n<\/div>\n<\/div>\n<\/div>\n<\/div>\n<div class=\"row\">\n<div class=\"col-md-12\">\n<div class=\"forfaits_2_echografilm\">\n<div class=\"forfaits_2_titre\">\n<h1>Forfait Admiration 3D - 4D<\/h1>\n<\/div>\n<div class=\"row\">\n<div class=\"col-sm-9 block\">\n<ul>\n<li>Echographie 3D 4D 2D de <strong>15 min enregistr\u00e9e int\u00e9gralement<\/strong>\u00a0ainsi que toutes les photos illimit\u00e9es.<\/li>\n<li><strong>Film et photos num\u00e9riques illimit\u00e9es <\/strong>sont transmises en fin de s\u00e9ance sur Smartphone.<\/li>\n<li><strong>Dur\u00e9e : 15 minutes garanties.<\/strong> Ce forfait est id\u00e9al pour observer votre b\u00e9b\u00e9.<\/li>\n<li>Determination du sexe comprise si souhait\u00e9e.<\/li>\n<li><strong>Je r\u00e9serve ma s\u00e9ance en cliquant sur: <a href=\"\/..\/reservation_paris_echographie_3d\" rel=\"nofollow\">Paris<\/a><\/strong><\/li>\n<\/ul>\n<\/div>\n<div class=\"col-sm-3 \"><img loading=\"lazy\" decoding=\"async\" src=\"..\/wp-content\/uploads\/2014\/12\/forfaits_echorafilm_admiration_plus.png\" alt=\"cle usb film echographie 3d\" width=\"200\" height=\"200\" \/><\/div>\n<\/div>\n<div class=\"forfaits_2_prix\">\n<h2>85<small>\u20ac<\/small><\/h2>\n<\/div>\n<\/div>\n<\/div>\n<\/div>\n<div class=\"row\">\n<div class=\"col-md-12\">\n<div class=\"forfaits_7_echografilm\">\n<div class=\"forfaits_7_titre\">\n<h1>Forfait Admiration Plus 3D - 4D - 6D<\/h1>\n<\/div>\n<div class=\"row\">\n<div class=\"col-sm-9 block\">\n<ul>\n<li>Echographie 3D 4D 2D de <strong>15 min enregistr\u00e9e int\u00e9gralement<\/strong>\u00a0ainsi que toutes les photos 3D illimit\u00e9es et la photo en 6D Plus ( am\u00e9lior\u00e9e par l'IA en HD ).<\/li>\n<li><strong>Film et photos 3D num\u00e9riques illimit\u00e9es <\/strong>sont transmises en fin de s\u00e9ance sur Smartphone.<\/li>\n<li><strong>Nouveau : 1 photo 6D Plus am\u00e9lior\u00e9e par IA transmise sous 24-48 heures.<\/strong> Attention, la 6D IA n'est propos\u00e9e que pendant la p\u00e9riode id\u00e9ale \u00e0 v\u00e9rifier sur le site <a href=\"https:\/\/www.echografilm.com\/echographie-3d\/#Ancre_6D_Condition\">Voir les conditions de r\u00e9ussite sur la page d'accueil<\/a>\n<\/li>\n<li><strong>Dur\u00e9e : 15 minutes garanties.<\/strong> Ce forfait est id\u00e9al pour observer votre b\u00e9b\u00e9.<\/li>\n<li>Determination du sexe comprise si souhait\u00e9e.<\/li>\n<li><strong>Je r\u00e9serve ma s\u00e9ance en cliquant sur: <a href=\"\/..\/reservation_paris_echographie_3d\" rel=\"nofollow\">Paris<\/a><\/strong><\/li>\n<\/ul>\n<\/div>\n<div class=\"col-sm-3 \"><img loading=\"lazy\" decoding=\"async\" src=\"..\/wp-content\/uploads\/2024\/11\/Logo-6D-Echografilm-200X200-copy3-copy.png\" alt=\"6D-Echografilm\" width=\"200\" height=\"200\" \/><\/div>\n<\/div>\n<div class=\"forfaits_7_prix\">\n<h2>100<small>\u20ac<\/small><\/h2>\n<\/div>\n<\/div>\n<\/div>\n<\/div>\n<div class=\"row\">\n<div class=\"col-md-12\">\n<div class=\"forfaits_5_echografilm\">\n<div class=\"forfaits_5_titre\">\n<h1>Options<\/h1>\n<\/div>\n<div class=\"row\">\n<div class=\"col-sm-9 block\">\n<ul>\n<li><span style=\"color: #ff6600;\"><strong>Nouveau<\/strong><\/span> : Lot de 5 cartes \u00e0 gratter pour d\u00e9couvrir le sexe de b\u00e9b\u00e9 en famille. 5\u20ac<\/li>\n<li><span style=\"color: #ff6600;\"><strong>Nouveau<\/strong><\/span> : Carte \u00e0 gratter pour d\u00e9couvrir le sexe de b\u00e9b\u00e9 vendue \u00e0 l'unit\u00e9 2\u20ac<\/li>\n<li>Impression d'une photo 3D ( uniquement sur les formules Admiration)  sur place 5\u20ac ou transmise sur smartphone 3\u20ac<\/li>\n<li>Photo num\u00e9rique 6D am\u00e9lior\u00e9e par IA  ( uniquement sur la formules Admiration 3D - 4D entre 25-30SG) \u00e0 20\u20ac<\/li>\n<li><strong>Les options sont \u00e0 demander en d\u00e9but de s\u00e9ance<\/strong><\/li>\n<\/ul>\n<\/div>\n<p><!--\n\n\n<div class=\"col-sm-3 \"><\/div>\n\n\n--><\/p>\n<\/div>\n<p><!--\n\n\n<div class=\"forfaits_5_prix\"><\/div>\n\n\n--><\/p>\n<\/div>\n<\/div>\n<\/div>\n<\/div>\n<p>Nous acceptons les 2 types de paiement suivants :<\/p>\n<ul>\n<li>Cartes bancaires (Visa, Mastercard,CB, Maestro, Visa Electron)<a href=\"..\/wp-content\/uploads\/2014\/11\/visuel_CB.png\" rel=\"nofollow\"><img loading=\"lazy\" decoding=\"async\" class=\" size-medium wp-image-2966 alignnone\" src=\"..\/wp-content\/uploads\/2014\/11\/visuel_CB-300x103.png\" alt=\"visuel_CB\" width=\"300\" height=\"103\" srcset=\"https:\/\/www.echografilm.com\/echographie-3d\/wp-content\/uploads\/2014\/11\/visuel_CB-300x103.png 300w, https:\/\/www.echografilm.com\/echographie-3d\/wp-content\/uploads\/2014\/11\/visuel_CB-1024x352.png 1024w, https:\/\/www.echografilm.com\/echographie-3d\/wp-content\/uploads\/2014\/11\/visuel_CB.png 1513w\" sizes=\"auto, (max-width: 300px) 100vw, 300px\" \/><\/a><\/li>\n<li>Esp\u00e8ces<\/li>\n<\/ul>\n","protected":false},"excerpt":{"rendered":"Forfait Fille ou Gar\u00e7on Echographie 3D 4D 2D de d\u00e9termination du sexe de b\u00e9b\u00e9. D\u00e9termination du sexe garantie \u00e0 100% d\u00e8s 14 semaines de grossesse par nos 16 ann\u00e9es d'exp\u00e9rience. Dur\u00e9e : Sans dur\u00e9e, souvent tr\u00e8s court car s'arr\u00eate quand le sexe est d\u00e9termin\u00e9 \u00e0 100%. D\u00e9couverte du sexe sur place par jeu de lumi\u00e8res et\/ou plus tard avec nos&nbsp;<a href=\"https:\/\/www.echografilm.com\/echographie-3d\/tarifs-des-echographies-3d-paris\/\" class=\"read-more\">Lire la suite<\/a>","protected":false},"author":2,"featured_media":0,"parent":0,"menu_order":0,"comment_status":"closed","ping_status":"open","template":"","meta":{"footnotes":""},"class_list":["post-2413","page","type-page","status-publish","hentry"],"yoast_head":"<!-- This site is optimized with the Yoast SEO plugin v27.4 - https:\/\/yoast.com\/product\/yoast-seo-wordpress\/ -->\n<title>Tarifs des \u00e9chographies 3D \u00e0 Paris Champs-Elys\u00e9es - Echografilm : Echographie 3D 4D Paris<\/title>\n<meta name=\"robots\" content=\"index, follow, max-snippet:-1, max-image-preview:large, max-video-preview:-1\" \/>\n<link rel=\"canonical\" href=\"https:\/\/www.echografilm.com\/echographie-3d\/tarifs-des-echographies-3d-paris\/\" \/>\n<meta property=\"og:locale\" content=\"fr_FR\" \/>\n<meta property=\"og:type\" content=\"article\" \/>\n<meta property=\"og:title\" content=\"Tarifs des \u00e9chographies 3D \u00e0 Paris Champs-Elys\u00e9es - Echografilm : Echographie 3D 4D Paris\" \/>\n<meta property=\"og:description\" content=\"Forfait Fille ou Gar\u00e7on Echographie 3D 4D 2D de d\u00e9termination du sexe de b\u00e9b\u00e9. D\u00e9termination du sexe garantie \u00e0 100% d\u00e8s 14 semaines de grossesse par nos 16 ann\u00e9es d&#039;exp\u00e9rience. Dur\u00e9e : Sans dur\u00e9e, souvent tr\u00e8s court car s&#039;arr\u00eate quand le sexe est d\u00e9termin\u00e9 \u00e0 100%. D\u00e9couverte du sexe sur place par jeu de lumi\u00e8res et\/ou plus tard avec nos&nbsp;Lire la suite\" \/>\n<meta property=\"og:url\" content=\"https:\/\/www.echografilm.com\/echographie-3d\/tarifs-des-echographies-3d-paris\/\" \/>\n<meta property=\"og:site_name\" content=\"Echografilm : Echographie 3D 4D Paris\" \/>\n<meta property=\"article:publisher\" content=\"https:\/\/www.facebook.com\/echographie3d\/\" \/>\n<meta property=\"article:modified_time\" content=\"2024-11-11T15:49:48+00:00\" \/>\n<meta name=\"twitter:card\" content=\"summary_large_image\" \/>\n<meta name=\"twitter:site\" content=\"@Echografilm\" \/>\n<meta name=\"twitter:label1\" content=\"Dur\u00e9e de lecture estim\u00e9e\" \/>\n\t<meta name=\"twitter:data1\" content=\"4 minutes\" \/>\n<script type=\"application\/ld+json\" class=\"yoast-schema-graph\">{\"@context\":\"https:\\\/\\\/schema.org\",\"@graph\":[{\"@type\":\"WebPage\",\"@id\":\"https:\\\/\\\/www.echografilm.com\\\/echographie-3d\\\/tarifs-des-echographies-3d-paris\\\/\",\"url\":\"https:\\\/\\\/www.echografilm.com\\\/echographie-3d\\\/tarifs-des-echographies-3d-paris\\\/\",\"name\":\"Tarifs des \u00e9chographies 3D \u00e0 Paris Champs-Elys\u00e9es - Echografilm : Echographie 3D 4D Paris\",\"isPartOf\":{\"@id\":\"https:\\\/\\\/www.echografilm.com\\\/echographie-3d\\\/#website\"},\"datePublished\":\"2014-12-24T09:37:01+00:00\",\"dateModified\":\"2024-11-11T15:49:48+00:00\",\"breadcrumb\":{\"@id\":\"https:\\\/\\\/www.echografilm.com\\\/echographie-3d\\\/tarifs-des-echographies-3d-paris\\\/#breadcrumb\"},\"inLanguage\":\"fr-FR\",\"potentialAction\":[{\"@type\":\"ReadAction\",\"target\":[\"https:\\\/\\\/www.echografilm.com\\\/echographie-3d\\\/tarifs-des-echographies-3d-paris\\\/\"]}]},{\"@type\":\"BreadcrumbList\",\"@id\":\"https:\\\/\\\/www.echografilm.com\\\/echographie-3d\\\/tarifs-des-echographies-3d-paris\\\/#breadcrumb\",\"itemListElement\":[{\"@type\":\"ListItem\",\"position\":1,\"name\":\"Accueil\",\"item\":\"https:\\\/\\\/www.echografilm.com\\\/echographie-3d\\\/\"},{\"@type\":\"ListItem\",\"position\":2,\"name\":\"Tarifs des \u00e9chographies 3D \u00e0 Paris Champs-Elys\u00e9es\"}]},{\"@type\":\"WebSite\",\"@id\":\"https:\\\/\\\/www.echografilm.com\\\/echographie-3d\\\/#website\",\"url\":\"https:\\\/\\\/www.echografilm.com\\\/echographie-3d\\\/\",\"name\":\"Echografilm : Echographie 3D Paris\",\"description\":\"Fille ou Gar\u00e7on ? d\u00e8s 14SG Echographies 3D 4D 6D non m\u00e9dicales\",\"publisher\":{\"@id\":\"https:\\\/\\\/www.echografilm.com\\\/echographie-3d\\\/#organization\"},\"potentialAction\":[{\"@type\":\"SearchAction\",\"target\":{\"@type\":\"EntryPoint\",\"urlTemplate\":\"https:\\\/\\\/www.echografilm.com\\\/echographie-3d\\\/?s={search_term_string}\"},\"query-input\":{\"@type\":\"PropertyValueSpecification\",\"valueRequired\":true,\"valueName\":\"search_term_string\"}}],\"inLanguage\":\"fr-FR\"},{\"@type\":\"Organization\",\"@id\":\"https:\\\/\\\/www.echografilm.com\\\/echographie-3d\\\/#organization\",\"name\":\"Echografilm : Echographie 3D Paris\",\"url\":\"https:\\\/\\\/www.echografilm.com\\\/echographie-3d\\\/\",\"logo\":{\"@type\":\"ImageObject\",\"inLanguage\":\"fr-FR\",\"@id\":\"https:\\\/\\\/www.echografilm.com\\\/echographie-3d\\\/#\\\/schema\\\/logo\\\/image\\\/\",\"url\":\"https:\\\/\\\/www.echografilm.com\\\/echographie-3d\\\/wp-content\\\/uploads\\\/2014\\\/09\\\/logo.png\",\"contentUrl\":\"https:\\\/\\\/www.echografilm.com\\\/echographie-3d\\\/wp-content\\\/uploads\\\/2014\\\/09\\\/logo.png\",\"width\":249,\"height\":95,\"caption\":\"Echografilm : Echographie 3D Paris\"},\"image\":{\"@id\":\"https:\\\/\\\/www.echografilm.com\\\/echographie-3d\\\/#\\\/schema\\\/logo\\\/image\\\/\"},\"sameAs\":[\"https:\\\/\\\/www.facebook.com\\\/echographie3d\\\/\",\"https:\\\/\\\/x.com\\\/Echografilm\"]}]}<\/script>\n<!-- \/ Yoast SEO plugin. -->","yoast_head_json":{"title":"Tarifs des \u00e9chographies 3D \u00e0 Paris Champs-Elys\u00e9es - Echografilm : Echographie 3D 4D Paris","robots":{"index":"index","follow":"follow","max-snippet":"max-snippet:-1","max-image-preview":"max-image-preview:large","max-video-preview":"max-video-preview:-1"},"canonical":"https:\/\/www.echografilm.com\/echographie-3d\/tarifs-des-echographies-3d-paris\/","og_locale":"fr_FR","og_type":"article","og_title":"Tarifs des \u00e9chographies 3D \u00e0 Paris Champs-Elys\u00e9es - Echografilm : Echographie 3D 4D Paris","og_description":"Forfait Fille ou Gar\u00e7on Echographie 3D 4D 2D de d\u00e9termination du sexe de b\u00e9b\u00e9. D\u00e9termination du sexe garantie \u00e0 100% d\u00e8s 14 semaines de grossesse par nos 16 ann\u00e9es d'exp\u00e9rience. Dur\u00e9e : Sans dur\u00e9e, souvent tr\u00e8s court car s'arr\u00eate quand le sexe est d\u00e9termin\u00e9 \u00e0 100%. D\u00e9couverte du sexe sur place par jeu de lumi\u00e8res et\/ou plus tard avec nos&nbsp;Lire la suite","og_url":"https:\/\/www.echografilm.com\/echographie-3d\/tarifs-des-echographies-3d-paris\/","og_site_name":"Echografilm : Echographie 3D 4D Paris","article_publisher":"https:\/\/www.facebook.com\/echographie3d\/","article_modified_time":"2024-11-11T15:49:48+00:00","twitter_card":"summary_large_image","twitter_site":"@Echografilm","twitter_misc":{"Dur\u00e9e de lecture estim\u00e9e":"4 minutes"},"schema":{"@context":"https:\/\/schema.org","@graph":[{"@type":"WebPage","@id":"https:\/\/www.echografilm.com\/echographie-3d\/tarifs-des-echographies-3d-paris\/","url":"https:\/\/www.echografilm.com\/echographie-3d\/tarifs-des-echographies-3d-paris\/","name":"Tarifs des \u00e9chographies 3D \u00e0 Paris Champs-Elys\u00e9es - Echografilm : Echographie 3D 4D Paris","isPartOf":{"@id":"https:\/\/www.echografilm.com\/echographie-3d\/#website"},"datePublished":"2014-12-24T09:37:01+00:00","dateModified":"2024-11-11T15:49:48+00:00","breadcrumb":{"@id":"https:\/\/www.echografilm.com\/echographie-3d\/tarifs-des-echographies-3d-paris\/#breadcrumb"},"inLanguage":"fr-FR","potentialAction":[{"@type":"ReadAction","target":["https:\/\/www.echografilm.com\/echographie-3d\/tarifs-des-echographies-3d-paris\/"]}]},{"@type":"BreadcrumbList","@id":"https:\/\/www.echografilm.com\/echographie-3d\/tarifs-des-echographies-3d-paris\/#breadcrumb","itemListElement":[{"@type":"ListItem","position":1,"name":"Accueil","item":"https:\/\/www.echografilm.com\/echographie-3d\/"},{"@type":"ListItem","position":2,"name":"Tarifs des \u00e9chographies 3D \u00e0 Paris Champs-Elys\u00e9es"}]},{"@type":"WebSite","@id":"https:\/\/www.echografilm.com\/echographie-3d\/#website","url":"https:\/\/www.echografilm.com\/echographie-3d\/","name":"Echografilm : Echographie 3D Paris","description":"Fille ou Gar\u00e7on ? d\u00e8s 14SG Echographies 3D 4D 6D non m\u00e9dicales","publisher":{"@id":"https:\/\/www.echografilm.com\/echographie-3d\/#organization"},"potentialAction":[{"@type":"SearchAction","target":{"@type":"EntryPoint","urlTemplate":"https:\/\/www.echografilm.com\/echographie-3d\/?s={search_term_string}"},"query-input":{"@type":"PropertyValueSpecification","valueRequired":true,"valueName":"search_term_string"}}],"inLanguage":"fr-FR"},{"@type":"Organization","@id":"https:\/\/www.echografilm.com\/echographie-3d\/#organization","name":"Echografilm : Echographie 3D Paris","url":"https:\/\/www.echografilm.com\/echographie-3d\/","logo":{"@type":"ImageObject","inLanguage":"fr-FR","@id":"https:\/\/www.echografilm.com\/echographie-3d\/#\/schema\/logo\/image\/","url":"https:\/\/www.echografilm.com\/echographie-3d\/wp-content\/uploads\/2014\/09\/logo.png","contentUrl":"https:\/\/www.echografilm.com\/echographie-3d\/wp-content\/uploads\/2014\/09\/logo.png","width":249,"height":95,"caption":"Echografilm : Echographie 3D Paris"},"image":{"@id":"https:\/\/www.echografilm.com\/echographie-3d\/#\/schema\/logo\/image\/"},"sameAs":["https:\/\/www.facebook.com\/echographie3d\/","https:\/\/x.com\/Echografilm"]}]}},"_links":{"self":[{"href":"https:\/\/www.echografilm.com\/echographie-3d\/wp-json\/wp\/v2\/pages\/2413","targetHints":{"allow":["GET"]}}],"collection":[{"href":"https:\/\/www.echografilm.com\/echographie-3d\/wp-json\/wp\/v2\/pages"}],"about":[{"href":"https:\/\/www.echografilm.com\/echographie-3d\/wp-json\/wp\/v2\/types\/page"}],"author":[{"embeddable":true,"href":"https:\/\/www.echografilm.com\/echographie-3d\/wp-json\/wp\/v2\/users\/2"}],"replies":[{"embeddable":true,"href":"https:\/\/www.echografilm.com\/echographie-3d\/wp-json\/wp\/v2\/comments?post=2413"}],"version-history":[{"count":167,"href":"https:\/\/www.echografilm.com\/echographie-3d\/wp-json\/wp\/v2\/pages\/2413\/revisions"}],"predecessor-version":[{"id":4229,"href":"https:\/\/www.echografilm.com\/echographie-3d\/wp-json\/wp\/v2\/pages\/2413\/revisions\/4229"}],"wp:attachment":[{"href":"https:\/\/www.echografilm.com\/echographie-3d\/wp-json\/wp\/v2\/media?parent=2413"}],"curies":[{"name":"wp","href":"https:\/\/api.w.org\/{rel}","templated":true}]}}