{"id":3680,"date":"2018-05-24T11:16:55","date_gmt":"2018-05-24T09:16:55","guid":{"rendered":"https:\/\/www.echografilm.com\/echographie-3d\/?page_id=3680"},"modified":"2018-05-25T09:31:29","modified_gmt":"2018-05-25T07:31:29","slug":"politique-de-confidentialite-et-dutilisation-des-cookies-rgpd","status":"publish","type":"page","link":"https:\/\/www.echografilm.com\/echographie-3d\/politique-de-confidentialite-et-dutilisation-des-cookies-rgpd\/","title":{"rendered":"Politique de confidentialit\u00e9 et d&#8217;utilisation des cookies (RGPD)"},"content":{"rendered":"<h2>Qui sommes-nous\u00a0?<\/h2>\n<p>Ce Site est \u00e9dit\u00e9 par la soci\u00e9t\u00e9 ECHOGRAFILM, SARL au capital de 8000 euros. RCS PARIS 484 353 404 T\u00e9l\u00e9phone : 01 77 75 52 50 (Si\u00e8ge de ECHOGRAFILM).<\/p>\n<p>Nous avons choisi pour son h\u00e9bergement la soci\u00e9t\u00e9 OVH, soci\u00e9t\u00e9 anonyme dont le si\u00e8ge social est sis 2 rue Kellermann - 59100 Roubaix - France, immatricul\u00e9e au Registre du Commerce et des Soci\u00e9t\u00e9s RCS Lille M\u00e9tropole 424 761 419 00045.<\/p>\n<p>Directeur de la publication: Eric Bouchez.<br \/>\nResponsable de la r\u00e9daction : Eric Bouchez.<\/p>\n<p>Le site Internet sur lequel vous venez de vous connecter a \u00e9t\u00e9 \u00e9labor\u00e9 au profit de tous les internautes d\u00e9sireux de :<br \/>\n\u2022 mieux conna\u00eetre l'enseigne Echografilm, ses activit\u00e9s, ses produits, ses promos et ses services et de pouvoir r\u00e9server en ligne un rendez-vous.<\/p>\n<p>ECHOGRAFILM s'engage \u00e0 \u00eatre transparent avec tous sur sa politique en mati\u00e8re de respect de la vie priv\u00e9e.<\/p>\n<h2>Utilisation des donn\u00e9es personnelles collect\u00e9es<\/h2>\n<h3>Commentaires<\/h3>\n<p>Les commentaires sont d\u00e9sactiv\u00e9s sur le site, s'ils venaient \u00e0 \u00eatre r\u00e9activ\u00e9s vous seriez invit\u00e9s \u00e0 cr\u00e9er un compte et \u00e0 accepter notre politique d'utilisation des donn\u00e9es personnelles qui suit en pleine connaissance par acceptation de celle-ci.<\/p>\n<h3>Prise de rendez-vous en ligne<\/h3>\n<p>Quand vous prenez rendez-vous sur notre site web, les donn\u00e9es inscrites dans le formulaire de prise de rendez-vous, mais aussi votre adresse IP et l\u2019agent utilisateur de votre navigateur sont collect\u00e9s pour nous aider \u00e0 la d\u00e9tection de faux utilisateurs et plaisantins qui prendraient de faux rendez-vous.<\/p>\n<p>Les informations demand\u00e9es que vous saisissez lors de la prise de rendez-vous en ligne sont vos noms et pr\u00e9noms, votre num\u00e9ro de t\u00e9l\u00e9phone et votre email. Ces informations nous servent uniquement \u00e0 vous envoyer emails de rappel et sms de rappel contenant les informations utiles pour votre venue comme la date et l'heure de votre prochain rendez-vous. Pour plus de s\u00e9curit\u00e9, notre logiciel de r\u00e9servation en ligne efface chaque jour \u00e0 minuit les donn\u00e9es clients dont le rendez-vous est pass\u00e9 depuis 5 jours et qui n'ont plus de nouveau rendez-vous programm\u00e9. Plus pr\u00e9cis\u00e9ment nous n'avons plus d'informations sur vous dans notre syst\u00e8me de r\u00e9servation en ligne 5 jours apr\u00e8s votre dernier rendez-vous programm\u00e9.<\/p>\n<p>Nous ne revendons pas ces informations \u00e0 des tiers et ne pratiquons pas de marketing avec vos donn\u00e9es.<\/p>\n<h3>M\u00e9dias<\/h3>\n<p>Le t\u00e9l\u00e9versement des images sur le site web sont d\u00e9sactiv\u00e9s sur le site, s'ils venaient \u00e0 \u00eatre r\u00e9activ\u00e9s vous seriez invit\u00e9s \u00e0 cr\u00e9er un compte et \u00e0 accepter notre politique d'utilisation des donn\u00e9es personnelles qui suit en pleine connaissance par acceptation de celle-ci.<\/p>\n<p>Si vous pouviez t\u00e9l\u00e9verser des images sur le site web, nous vous conseillons d\u2019\u00e9viter de t\u00e9l\u00e9verser des images contenant des donn\u00e9es EXIF de coordonn\u00e9es GPS. Les visiteurs de votre site web peuvent t\u00e9l\u00e9charger et extraire des donn\u00e9es de localisation depuis ces images.<\/p>\n<h3>Formulaires de contact<\/h3>\n<h3>Cookies<\/h3>\n<p>Si vous d\u00e9posez un commentaire (les commentaires sont d\u00e9sactiv\u00e9s \u00e0 ce jour et nous n'envisageons pas de changer) sur notre site, il vous sera propos\u00e9 d\u2019enregistrer votre nom, adresse de messagerie et site web dans des cookies. C\u2019est uniquement pour votre confort afin de ne pas avoir \u00e0 saisir ces informations si vous d\u00e9posez un autre commentaire plus tard. Ces cookies expirent au bout d\u2019un an.<\/p>\n<p>Si vous avez un compte et que vous vous connectez sur ce site, un cookie temporaire sera cr\u00e9\u00e9 afin de d\u00e9terminer si votre navigateur accepte les cookies. Il ne contient pas de donn\u00e9es personnelles et sera supprim\u00e9 automatiquement \u00e0 la fermeture de votre navigateur.<\/p>\n<p>Lorsque vous vous connecterez, nous mettrons en place un certain nombre de cookies pour enregistrer vos informations de connexion et vos pr\u00e9f\u00e9rences d\u2019\u00e9cran. La dur\u00e9e de vie d\u2019un cookie de connexion est de deux jours, celle d\u2019un cookie d\u2019option d\u2019\u00e9cran est d\u2019un an. Si vous cochez \u00ab\u00a0Se souvenir de moi\u00a0\u00bb, votre cookie de connexion sera conserv\u00e9 pendant deux semaines. Si vous vous d\u00e9connectez de votre compte, le cookie de connexion sera effac\u00e9.<\/p>\n<p>En modifiant ou en publiant un article, un cookie suppl\u00e9mentaire sera enregistr\u00e9 dans votre navigateur. Ce cookie ne comprend aucune donn\u00e9e personnelle. Il indique simplement l\u2019identifiant de l\u2019article que vous venez de modifier. Il expire au bout d\u2019un jour.<\/p>\n<h3>Contenu embarqu\u00e9 depuis d\u2019autres sites<\/h3>\n<p>Les articles de ce site peuvent inclure des contenus int\u00e9gr\u00e9s (par exemple des vid\u00e9os, images, articles\u2026). Le contenu int\u00e9gr\u00e9 depuis d\u2019autres sites se comporte de la m\u00eame mani\u00e8re que si le visiteur se rendait sur cet autre site.<\/p>\n<p>Ces sites web pourraient collecter des donn\u00e9es sur vous, utiliser des cookies, embarquer des outils de suivis tiers, suivre vos interactions avec ces contenus embarqu\u00e9s si vous disposez d\u2019un compte connect\u00e9 sur leur site web.<\/p>\n<h3>Statistiques et mesures d\u2019audience<\/h3>\n<p>Nous utilisons les services Google Analytics,\u00a0<a href=\"https:\/\/privacy.google.com\/intl\/fr_fr\/businesses\/compliance\/#?modal_active=none\" target=\"_blank\" rel=\"noopener nofollow\">Cliquez ici pour en savoir plus<\/a><\/p>\n<h2>Utilisation et transmission de vos donn\u00e9es personnelles<\/h2>\n<h2>Dur\u00e9es de stockage de vos donn\u00e9es<\/h2>\n<p>Si vous laissez un commentaire (les commentaires sont d\u00e9sactiv\u00e9s \u00e0 ce jour et nous n'envisageons pas de changer), le commentaire et ses m\u00e9tadonn\u00e9es sont conserv\u00e9s ind\u00e9finiment. Cela permet de reconna\u00eetre et approuver automatiquement les commentaires suivants au lieu de les laisser dans la file de mod\u00e9ration.<\/p>\n<p>Pour les utilisateurs et utilisatrices qui s\u2019enregistrent sur notre site (les enregistrements sont d\u00e9sactiv\u00e9s \u00e0 ce jour et nous n'envisageons pas de changer), nous stockons \u00e9galement les donn\u00e9es personnelles indiqu\u00e9es dans leur profil. Tous les utilisateurs et utilisatrices peuvent voir, modifier ou supprimer leurs informations personnelles \u00e0 tout moment (\u00e0 l\u2019exception de leur nom d\u2019utilisateur\u00b7ice). Les gestionnaires du site peuvent aussi voir et modifier ces informations.<\/p>\n<h2>Les droits que vous avez sur vos donn\u00e9es<\/h2>\n<p>Si vous avez un compte ou si vous avez laiss\u00e9 des commentaires sur le site (les cr\u00e9ations de comptes et d\u00e9p\u00f4ts de commentaires sont d\u00e9sactiv\u00e9s \u00e0 ce jour et nous n'envisageons pas de changer), vous pouvez demander \u00e0 recevoir un fichier contenant toutes les donn\u00e9es personnelles que nous poss\u00e9dons \u00e0 votre sujet, incluant celles que vous nous avez fournies. Vous pouvez \u00e9galement demander la suppression des donn\u00e9es personnelles vous concernant.<\/p>\n<p>Concernant la partie prise de rendez-vous en ligne, vous pouvez demander \u00e0 recevoir un fichier contenant toutes les donn\u00e9es personnelles que nous poss\u00e9dons \u00e0 votre sujet, incluant celles que vous nous avez fournies. Vous pouvez \u00e9galement demander l'effacement total \u00e0 tout moment en contactant le responsable du traitement d\u00e9l\u00e9gu\u00e9 \u00e0 la protection des donn\u00e9es dont les coordonn\u00e9es sont sur cette page mais sachez comme indiqu\u00e9 plus haut que le syst\u00e8me de r\u00e9servation en ligne efface chaque jour la totalit\u00e9 des informations que nous avons sur vous 5 jours apr\u00e8s votre dernier rendez-vous. En d'autre termes 5 jours apr\u00e8s votre rendez-vous quand nous n'avons plus de relation commerciale vos donn\u00e9es sont effac\u00e9es du syst\u00e8me. Ceci a pour cons\u00e9quence de vous obliger \u00e0 vous re-enregistrer si vous souhaitez prendre un autre rendez-vous.<\/p>\n<p>Cela ne prend pas en compte les donn\u00e9es stock\u00e9es \u00e0 des fins administratives, l\u00e9gales ou pour des raisons de s\u00e9curit\u00e9.<\/p>\n<h2>Transmission de vos donn\u00e9es personnelles<\/h2>\n<p>Les commentaires des visiteurs peuvent \u00eatre v\u00e9rifi\u00e9s \u00e0 l\u2019aide d\u2019un service automatis\u00e9 de d\u00e9tection des commentaires ind\u00e9sirables.<\/p>\n<h2>Identit\u00e9 du responsable du traitement d\u00e9l\u00e9gu\u00e9 \u00e0 la protection des donn\u00e9es<\/h2>\n<p>Le responsable du traitement est M Eric Bouchez pour la soci\u00e9t\u00e9 ECHOGRAFILM, ayant son si\u00e8ge social au 78 avenue des Champs-Elys\u00e9es, 75008 PARIS \u2013 France.<\/p>\n<p><u>T\u00e9l<\/u>. : + 33 (0)1 77 75 52 50<\/p>\n<h2>Informations suppl\u00e9mentaires<\/h2>\n<h3>Comment nous prot\u00e9geons vos donn\u00e9es ?<\/h3>\n<p>Le site internet utilise les protocoles de cryptages suivants\u00a0<span class=\"awcheckbox awobject awobjectm\"><label class=\"lawobject\" for=\"eid_47757_47757_0_0\">SSLv2\u00a0<label class=\"lawobject\" for=\"eid_44753_44753_1_0\">SSLv3\u00a0<label class=\"lawobject\" for=\"eid_26146_26146_2_0\">TLSv1\u00a0<label class=\"lawobject\" for=\"eid_58377_58377_3_0\">TLSv1.1\u00a0<label class=\"lawobject\" for=\"eid_90468_90468_4_0\">TLSv1.2\u00a0<\/label><\/label><\/label><\/label><\/label><\/span>avec fonction de hachage\u00a0sha256\u00a0bas\u00e9s sur RSA, avec modules et exposants secrets d\u2019au moins 2048 bits sign\u00e9s par certificats Let\u2019s Encrypt Authority X3.<\/p>\n<h3>Proc\u00e9dures mises en \u0153uvre en cas de fuite de donn\u00e9es.<\/h3>\n<p>Dans cette \u00e9ventualit\u00e9, nous engageons \u00e0 pr\u00e9venir au plus vite la totalit\u00e9 des utilisateurs impact\u00e9s.<\/p>\n<h3>Services tiers<\/h3>\n<p>Les services tiers qui nous transmettent des donn\u00e9es nous sont envoy\u00e9es \u00e0 votre demande par email. Les m\u00eames mesures cit\u00e9es ci-avant sont appliqu\u00e9es \u00e0 vos donn\u00e9es.<\/p>\n","protected":false},"excerpt":{"rendered":"Qui sommes-nous\u00a0? Ce Site est \u00e9dit\u00e9 par la soci\u00e9t\u00e9 ECHOGRAFILM, SARL au capital de 8000 euros. RCS PARIS 484 353 404 T\u00e9l\u00e9phone : 01 77 75 52 50 (Si\u00e8ge de ECHOGRAFILM). Nous avons choisi pour son h\u00e9bergement la soci\u00e9t\u00e9 OVH, soci\u00e9t\u00e9 anonyme dont le si\u00e8ge social est sis 2 rue Kellermann - 59100 Roubaix - France, immatricul\u00e9e au Registre du&nbsp;<a href=\"https:\/\/www.echografilm.com\/echographie-3d\/politique-de-confidentialite-et-dutilisation-des-cookies-rgpd\/\" class=\"read-more\">Lire la suite<\/a>","protected":false},"author":2,"featured_media":0,"parent":0,"menu_order":0,"comment_status":"closed","ping_status":"closed","template":"","meta":{"footnotes":""},"class_list":["post-3680","page","type-page","status-publish","hentry"],"yoast_head":"<!-- This site is optimized with the Yoast SEO plugin v27.5 - https:\/\/yoast.com\/product\/yoast-seo-wordpress\/ -->\n<title>Politique de confidentialit\u00e9 et d&#039;utilisation des cookies (RGPD) - Echografilm : Echographie 3D 4D Paris<\/title>\n<meta name=\"robots\" content=\"index, follow, max-snippet:-1, max-image-preview:large, max-video-preview:-1\" \/>\n<link rel=\"canonical\" href=\"https:\/\/www.echografilm.com\/echographie-3d\/politique-de-confidentialite-et-dutilisation-des-cookies-rgpd\/\" \/>\n<meta property=\"og:locale\" content=\"fr_FR\" \/>\n<meta property=\"og:type\" content=\"article\" \/>\n<meta property=\"og:title\" content=\"Politique de confidentialit\u00e9 et d&#039;utilisation des cookies (RGPD) - Echografilm : Echographie 3D 4D Paris\" \/>\n<meta property=\"og:description\" content=\"Qui sommes-nous\u00a0? Ce Site est \u00e9dit\u00e9 par la soci\u00e9t\u00e9 ECHOGRAFILM, SARL au capital de 8000 euros. RCS PARIS 484 353 404 T\u00e9l\u00e9phone : 01 77 75 52 50 (Si\u00e8ge de ECHOGRAFILM). Nous avons choisi pour son h\u00e9bergement la soci\u00e9t\u00e9 OVH, soci\u00e9t\u00e9 anonyme dont le si\u00e8ge social est sis 2 rue Kellermann - 59100 Roubaix - France, immatricul\u00e9e au Registre du&nbsp;Lire la suite\" \/>\n<meta property=\"og:url\" content=\"https:\/\/www.echografilm.com\/echographie-3d\/politique-de-confidentialite-et-dutilisation-des-cookies-rgpd\/\" \/>\n<meta property=\"og:site_name\" content=\"Echografilm : Echographie 3D 4D Paris\" \/>\n<meta property=\"article:publisher\" content=\"https:\/\/www.facebook.com\/echographie3d\/\" \/>\n<meta property=\"article:modified_time\" content=\"2018-05-25T07:31:29+00:00\" \/>\n<meta name=\"twitter:card\" content=\"summary_large_image\" \/>\n<meta name=\"twitter:site\" content=\"@Echografilm\" \/>\n<meta name=\"twitter:label1\" content=\"Dur\u00e9e de lecture estim\u00e9e\" \/>\n\t<meta name=\"twitter:data1\" content=\"7 minutes\" \/>\n<script type=\"application\/ld+json\" class=\"yoast-schema-graph\">{\"@context\":\"https:\\\/\\\/schema.org\",\"@graph\":[{\"@type\":\"WebPage\",\"@id\":\"https:\\\/\\\/www.echografilm.com\\\/echographie-3d\\\/politique-de-confidentialite-et-dutilisation-des-cookies-rgpd\\\/\",\"url\":\"https:\\\/\\\/www.echografilm.com\\\/echographie-3d\\\/politique-de-confidentialite-et-dutilisation-des-cookies-rgpd\\\/\",\"name\":\"Politique de confidentialit\u00e9 et d'utilisation des cookies (RGPD) - Echografilm : Echographie 3D 4D Paris\",\"isPartOf\":{\"@id\":\"https:\\\/\\\/www.echografilm.com\\\/echographie-3d\\\/#website\"},\"datePublished\":\"2018-05-24T09:16:55+00:00\",\"dateModified\":\"2018-05-25T07:31:29+00:00\",\"breadcrumb\":{\"@id\":\"https:\\\/\\\/www.echografilm.com\\\/echographie-3d\\\/politique-de-confidentialite-et-dutilisation-des-cookies-rgpd\\\/#breadcrumb\"},\"inLanguage\":\"fr-FR\",\"potentialAction\":[{\"@type\":\"ReadAction\",\"target\":[\"https:\\\/\\\/www.echografilm.com\\\/echographie-3d\\\/politique-de-confidentialite-et-dutilisation-des-cookies-rgpd\\\/\"]}]},{\"@type\":\"BreadcrumbList\",\"@id\":\"https:\\\/\\\/www.echografilm.com\\\/echographie-3d\\\/politique-de-confidentialite-et-dutilisation-des-cookies-rgpd\\\/#breadcrumb\",\"itemListElement\":[{\"@type\":\"ListItem\",\"position\":1,\"name\":\"Accueil\",\"item\":\"https:\\\/\\\/www.echografilm.com\\\/echographie-3d\\\/\"},{\"@type\":\"ListItem\",\"position\":2,\"name\":\"Politique de confidentialit\u00e9 et d&#8217;utilisation des cookies (RGPD)\"}]},{\"@type\":\"WebSite\",\"@id\":\"https:\\\/\\\/www.echografilm.com\\\/echographie-3d\\\/#website\",\"url\":\"https:\\\/\\\/www.echografilm.com\\\/echographie-3d\\\/\",\"name\":\"Echografilm : Echographie 3D Paris\",\"description\":\"Fille ou Gar\u00e7on ? d\u00e8s 14SG Echographies 3D 4D 6D non m\u00e9dicales\",\"publisher\":{\"@id\":\"https:\\\/\\\/www.echografilm.com\\\/echographie-3d\\\/#organization\"},\"potentialAction\":[{\"@type\":\"SearchAction\",\"target\":{\"@type\":\"EntryPoint\",\"urlTemplate\":\"https:\\\/\\\/www.echografilm.com\\\/echographie-3d\\\/?s={search_term_string}\"},\"query-input\":{\"@type\":\"PropertyValueSpecification\",\"valueRequired\":true,\"valueName\":\"search_term_string\"}}],\"inLanguage\":\"fr-FR\"},{\"@type\":\"Organization\",\"@id\":\"https:\\\/\\\/www.echografilm.com\\\/echographie-3d\\\/#organization\",\"name\":\"Echografilm : Echographie 3D Paris\",\"url\":\"https:\\\/\\\/www.echografilm.com\\\/echographie-3d\\\/\",\"logo\":{\"@type\":\"ImageObject\",\"inLanguage\":\"fr-FR\",\"@id\":\"https:\\\/\\\/www.echografilm.com\\\/echographie-3d\\\/#\\\/schema\\\/logo\\\/image\\\/\",\"url\":\"https:\\\/\\\/www.echografilm.com\\\/echographie-3d\\\/wp-content\\\/uploads\\\/2014\\\/09\\\/logo.png\",\"contentUrl\":\"https:\\\/\\\/www.echografilm.com\\\/echographie-3d\\\/wp-content\\\/uploads\\\/2014\\\/09\\\/logo.png\",\"width\":249,\"height\":95,\"caption\":\"Echografilm : Echographie 3D Paris\"},\"image\":{\"@id\":\"https:\\\/\\\/www.echografilm.com\\\/echographie-3d\\\/#\\\/schema\\\/logo\\\/image\\\/\"},\"sameAs\":[\"https:\\\/\\\/www.facebook.com\\\/echographie3d\\\/\",\"https:\\\/\\\/x.com\\\/Echografilm\"]}]}<\/script>\n<!-- \/ Yoast SEO plugin. -->","yoast_head_json":{"title":"Politique de confidentialit\u00e9 et d'utilisation des cookies (RGPD) - Echografilm : Echographie 3D 4D Paris","robots":{"index":"index","follow":"follow","max-snippet":"max-snippet:-1","max-image-preview":"max-image-preview:large","max-video-preview":"max-video-preview:-1"},"canonical":"https:\/\/www.echografilm.com\/echographie-3d\/politique-de-confidentialite-et-dutilisation-des-cookies-rgpd\/","og_locale":"fr_FR","og_type":"article","og_title":"Politique de confidentialit\u00e9 et d'utilisation des cookies (RGPD) - Echografilm : Echographie 3D 4D Paris","og_description":"Qui sommes-nous\u00a0? Ce Site est \u00e9dit\u00e9 par la soci\u00e9t\u00e9 ECHOGRAFILM, SARL au capital de 8000 euros. RCS PARIS 484 353 404 T\u00e9l\u00e9phone : 01 77 75 52 50 (Si\u00e8ge de ECHOGRAFILM). Nous avons choisi pour son h\u00e9bergement la soci\u00e9t\u00e9 OVH, soci\u00e9t\u00e9 anonyme dont le si\u00e8ge social est sis 2 rue Kellermann - 59100 Roubaix - France, immatricul\u00e9e au Registre du&nbsp;Lire la suite","og_url":"https:\/\/www.echografilm.com\/echographie-3d\/politique-de-confidentialite-et-dutilisation-des-cookies-rgpd\/","og_site_name":"Echografilm : Echographie 3D 4D Paris","article_publisher":"https:\/\/www.facebook.com\/echographie3d\/","article_modified_time":"2018-05-25T07:31:29+00:00","twitter_card":"summary_large_image","twitter_site":"@Echografilm","twitter_misc":{"Dur\u00e9e de lecture estim\u00e9e":"7 minutes"},"schema":{"@context":"https:\/\/schema.org","@graph":[{"@type":"WebPage","@id":"https:\/\/www.echografilm.com\/echographie-3d\/politique-de-confidentialite-et-dutilisation-des-cookies-rgpd\/","url":"https:\/\/www.echografilm.com\/echographie-3d\/politique-de-confidentialite-et-dutilisation-des-cookies-rgpd\/","name":"Politique de confidentialit\u00e9 et d'utilisation des cookies (RGPD) - Echografilm : Echographie 3D 4D Paris","isPartOf":{"@id":"https:\/\/www.echografilm.com\/echographie-3d\/#website"},"datePublished":"2018-05-24T09:16:55+00:00","dateModified":"2018-05-25T07:31:29+00:00","breadcrumb":{"@id":"https:\/\/www.echografilm.com\/echographie-3d\/politique-de-confidentialite-et-dutilisation-des-cookies-rgpd\/#breadcrumb"},"inLanguage":"fr-FR","potentialAction":[{"@type":"ReadAction","target":["https:\/\/www.echografilm.com\/echographie-3d\/politique-de-confidentialite-et-dutilisation-des-cookies-rgpd\/"]}]},{"@type":"BreadcrumbList","@id":"https:\/\/www.echografilm.com\/echographie-3d\/politique-de-confidentialite-et-dutilisation-des-cookies-rgpd\/#breadcrumb","itemListElement":[{"@type":"ListItem","position":1,"name":"Accueil","item":"https:\/\/www.echografilm.com\/echographie-3d\/"},{"@type":"ListItem","position":2,"name":"Politique de confidentialit\u00e9 et d&#8217;utilisation des cookies (RGPD)"}]},{"@type":"WebSite","@id":"https:\/\/www.echografilm.com\/echographie-3d\/#website","url":"https:\/\/www.echografilm.com\/echographie-3d\/","name":"Echografilm : Echographie 3D Paris","description":"Fille ou Gar\u00e7on ? d\u00e8s 14SG Echographies 3D 4D 6D non m\u00e9dicales","publisher":{"@id":"https:\/\/www.echografilm.com\/echographie-3d\/#organization"},"potentialAction":[{"@type":"SearchAction","target":{"@type":"EntryPoint","urlTemplate":"https:\/\/www.echografilm.com\/echographie-3d\/?s={search_term_string}"},"query-input":{"@type":"PropertyValueSpecification","valueRequired":true,"valueName":"search_term_string"}}],"inLanguage":"fr-FR"},{"@type":"Organization","@id":"https:\/\/www.echografilm.com\/echographie-3d\/#organization","name":"Echografilm : Echographie 3D Paris","url":"https:\/\/www.echografilm.com\/echographie-3d\/","logo":{"@type":"ImageObject","inLanguage":"fr-FR","@id":"https:\/\/www.echografilm.com\/echographie-3d\/#\/schema\/logo\/image\/","url":"https:\/\/www.echografilm.com\/echographie-3d\/wp-content\/uploads\/2014\/09\/logo.png","contentUrl":"https:\/\/www.echografilm.com\/echographie-3d\/wp-content\/uploads\/2014\/09\/logo.png","width":249,"height":95,"caption":"Echografilm : Echographie 3D Paris"},"image":{"@id":"https:\/\/www.echografilm.com\/echographie-3d\/#\/schema\/logo\/image\/"},"sameAs":["https:\/\/www.facebook.com\/echographie3d\/","https:\/\/x.com\/Echografilm"]}]}},"_links":{"self":[{"href":"https:\/\/www.echografilm.com\/echographie-3d\/wp-json\/wp\/v2\/pages\/3680","targetHints":{"allow":["GET"]}}],"collection":[{"href":"https:\/\/www.echografilm.com\/echographie-3d\/wp-json\/wp\/v2\/pages"}],"about":[{"href":"https:\/\/www.echografilm.com\/echographie-3d\/wp-json\/wp\/v2\/types\/page"}],"author":[{"embeddable":true,"href":"https:\/\/www.echografilm.com\/echographie-3d\/wp-json\/wp\/v2\/users\/2"}],"replies":[{"embeddable":true,"href":"https:\/\/www.echografilm.com\/echographie-3d\/wp-json\/wp\/v2\/comments?post=3680"}],"version-history":[{"count":8,"href":"https:\/\/www.echografilm.com\/echographie-3d\/wp-json\/wp\/v2\/pages\/3680\/revisions"}],"predecessor-version":[{"id":3989,"href":"https:\/\/www.echografilm.com\/echographie-3d\/wp-json\/wp\/v2\/pages\/3680\/revisions\/3989"}],"wp:attachment":[{"href":"https:\/\/www.echografilm.com\/echographie-3d\/wp-json\/wp\/v2\/media?parent=3680"}],"curies":[{"name":"wp","href":"https:\/\/api.w.org\/{rel}","templated":true}]}}